{"id":62,"date":"2025-11-11T14:34:07","date_gmt":"2025-11-11T14:34:07","guid":{"rendered":"http:\/\/interpunct.es\/?page_id=62"},"modified":"2025-11-27T19:23:58","modified_gmt":"2025-11-27T19:23:58","slug":"copia-de-politica-de-privacidad","status":"publish","type":"page","link":"https:\/\/interpunct.es\/val\/copia-de-politica-de-privacidad\/","title":{"rendered":"Pol\u00edtica de Cookies"},"content":{"rendered":"<div data-elementor-type=\"wp-page\" data-elementor-id=\"62\" class=\"elementor elementor-62\" data-elementor-post-type=\"page\">\n\t\t\t\t<div class=\"elementor-element elementor-element-c08a265 e-flex e-con-boxed e-con e-parent\" data-id=\"c08a265\" data-element_type=\"container\" data-e-type=\"container\">\n\t\t\t\t\t<div class=\"e-con-inner\">\n\t\t\t\t<div class=\"elementor-element elementor-element-202397a elementor-widget elementor-widget-text-editor\" data-id=\"202397a\" data-element_type=\"widget\" data-e-type=\"widget\" data-widget_type=\"text-editor.default\">\n\t\t\t\t\t\t\t\t\t<p class=\"font_8 wixui-rich-text__text\"><span class=\"wixui-rich-text__text\">\u00a01.\u00a0 INTRODUCCI\u00d3N<\/span><\/p><p class=\"font_8 wixui-rich-text__text\"><span class=\"wixui-rich-text__text\">La presente Pol\u00edtica de cookies tiene como finalidad informarle de qu\u00e9 son y por qu\u00e9 utilizamos cookies en nuestra web\u00a0<a class=\"wixui-rich-text__text\" href=\"https:\/\/interpunct.es\/val\/\" target=\"_blank\" rel=\"noopener\" data-auto-recognition=\"true\">https:\/\/interpunct.es<\/a>\u00a0(en adelante, \u201cla Web\u201d) titularidad de Nuria Sanmart\u00edn Ricart, con n\u00famero de identificaci\u00f3n 52685327D y domicilio en C\/ Padre Jes\u00fas Fern\u00e1ndez, 16, 16, 46930 Quart de Poblet, Valencia, y para demostrarle nuestro compromiso constante con la protecci\u00f3n de su privacidad.<\/span><\/p><p class=\"font_8 wixui-rich-text__text\"><span class=\"wixui-rich-text__text\">Mediante el uso de nuestra Web acepta el almacenamiento de cookies en su dispositivo, y, por tanto, acepta la presente Pol\u00edtica de cookies.<\/span><\/p><p class=\"font_8 wixui-rich-text__text\"><span class=\"wixui-rich-text__text\">Para cualquier duda o consulta respecto a nuestra Pol\u00edtica de cookies, env\u00edenos un correo a interpunct@ interpunct.es.<\/span><\/p><p class=\"font_8 wixui-rich-text__text\"><span class=\"wixui-rich-text__text\">\u00a0<\/span><\/p><p class=\"font_8 wixui-rich-text__text\"><span class=\"wixui-rich-text__text\">2.\u00a0 DEFINICI\u00d3N DE LAS COOKIES<\/span><\/p><p class=\"font_8 wixui-rich-text__text\"><span class=\"wixui-rich-text__text\">Una cookie es un peque\u00f1o fichero de texto que se almacena durante un determinado periodo de tiempo en el disco duro de su dispositivo en el momento en que accede a determinadas webs (en adelante, las \u201cCookies\u201d). Las Cookies permiten que una web almacene y recupere informaci\u00f3n sobre h\u00e1bitos de navegaci\u00f3n y comportamiento del Usuario o del equipo desde el que se conecta, con el fin de prestar servicios de navegaci\u00f3n personalizados, y de esta forma mejorar la experiencia del Usuario al navegar por la web.<\/span><\/p><p class=\"font_8 wixui-rich-text__text\"><span class=\"wixui-rich-text__text\">\u00a0<\/span><\/p><p class=\"font_8 wixui-rich-text__text\"><span class=\"wixui-rich-text__text\">3.\u00a0 TIPO DE COOKIES UTILIZADAS<\/span><\/p><p class=\"font_8 wixui-rich-text__text\"><span class=\"wixui-rich-text__text\">En nuestra Web utilizamos cookies de sesi\u00f3n y persistentes gestionadas por terceros:<\/span><\/p><ul class=\"font_8 wixui-rich-text__text\"><li class=\"wixui-rich-text__text\"><p class=\"font_8 wixui-rich-text__text\"><span class=\"wixui-rich-text__text\">Las cookies de sesi\u00f3n son cookies que se eliminan autom\u00e1ticamente cuando se cierra el navegador.<\/span><\/p><\/li><li class=\"wixui-rich-text__text\"><p class=\"font_8 wixui-rich-text__text\"><span class=\"wixui-rich-text__text\">Las cookies persistentes son cookies que permanecen almacenadas en el dispositivo del usuario aun despu\u00e9s de que se haya cerrado el navegador.<\/span><\/p><\/li><li class=\"wixui-rich-text__text\"><p class=\"font_8 wixui-rich-text__text\"><span class=\"wixui-rich-text__text\">Las cookies de terceros son aquellas que se env\u00edan al dispositivo del usuario mediante una web que no est\u00e1 gestionada por la Web principal, sino por parte de otra entidad.<\/span><\/p><\/li><\/ul><p class=\"font_8 wixui-rich-text__text\"><span class=\"wixui-rich-text__text\">Utilizamos los siguientes tipos de cookies:<\/span><\/p><ul class=\"font_8 wixui-rich-text__text\"><li class=\"wixui-rich-text__text\"><p class=\"font_8 wixui-rich-text__text\"><span class=\"wixui-rich-text__text\">Cookies de an\u00e1lisis: Son aquellas que nos permiten evaluar el comportamiento de los usuarios de nuestra Web, y de esta forma nos ayudan a mejorar nuestro servicio, funcionamiento y la experiencia del Usuario.<\/span><\/p><\/li><li class=\"wixui-rich-text__text\"><p class=\"font_8 wixui-rich-text__text\"><span class=\"wixui-rich-text__text\">Cookies de personalizaci\u00f3n: Son aquellas que permiten al Usuario acceder al servicio con algunas caracter\u00edsticas de car\u00e1cter general, como el idioma, el tipo de navegador, el dise\u00f1o de contenidos, la geolocalizaci\u00f3n del terminal o la configuraci\u00f3n regional desde donde se accede al servicio, entre otras.<\/span><\/p><\/li><li class=\"wixui-rich-text__text\"><p class=\"font_8 wixui-rich-text__text\"><span class=\"wixui-rich-text__text\">Cookies de publicidad comportamental: Son un tipo de cookies publicitarias que se usan para almacenar y recuperar informaci\u00f3n sobre el comportamiento de los usuarios obtenida a trav\u00e9s de la observaci\u00f3n continuada de sus h\u00e1bitos de navegaci\u00f3n, lo que permite desarrollar un perfil espec\u00edfico para mostrarle publicidad en funci\u00f3n del mismo.<\/span><\/p><\/li><li class=\"wixui-rich-text__text\"><p class=\"font_8 wixui-rich-text__text\"><span class=\"wixui-rich-text__text\">Cookies publicitarias: Son aquellas que permiten gestionar de forma eficaz la oferta de los espacios publicitarios que hay en la web, adecuando el contenido del anuncio al contenido del servicio solicitado.<\/span><\/p><\/li><li class=\"wixui-rich-text__text\"><p class=\"font_8 wixui-rich-text__text\"><span class=\"wixui-rich-text__text\">Cookies t\u00e9cnicas: Son aquellas que permiten al usuario la navegaci\u00f3n a trav\u00e9s de la p\u00e1gina Web o aplicaci\u00f3n y la utilizaci\u00f3n de las diferentes opciones o servicios que existen. Por ejemplo, realizar la solicitud de inscripci\u00f3n o participaci\u00f3n en un evento, utilizar elementos de seguridad durante la navegaci\u00f3n, y almacenar contenidos para la difusi\u00f3n de videos o sonido.<\/span><\/p><\/li><\/ul><p class=\"font_8 wixui-rich-text__text\"><span class=\"wixui-rich-text__text\">Las cookies se utilizar\u00e1n exclusivamente para los fines indicados en la presente Pol\u00edtica de Cookies.<\/span><\/p><p class=\"font_8 wixui-rich-text__text\"><span class=\"wixui-rich-text__text\">\u00a0<\/span><\/p><p class=\"font_8 wixui-rich-text__text\"><span class=\"wixui-rich-text__text\">4.\u00a0 C\u00d3MO INHABILITAR LAS COOKIES<\/span><\/p><p class=\"font_8 wixui-rich-text__text\"><span class=\"wixui-rich-text__text\">Aunque las cookies no son imprescindibles para navegar por la Web, si las habilita disfrutar\u00e1 de una mejor experiencia de usuario. Puede modificar las opciones de configuraci\u00f3n de su navegador para borrarlas o bloquearlas, pero si lo hace es posible que algunos servicios no funcionen adecuadamente.<\/span><\/p><p class=\"font_8 wixui-rich-text__text\"><span class=\"wixui-rich-text__text\">Seleccione el navegador en el que quiere obtener m\u00e1s informaci\u00f3n sobre c\u00f3mo deshabilitar las cookies:<\/span><\/p><ul class=\"font_8 wixui-rich-text__text\"><li class=\"wixui-rich-text__text\"><p class=\"font_8 wixui-rich-text__text\"><span class=\"wixui-rich-text__text\">Chrome:\u00a0<a class=\"wixui-rich-text__text\" href=\"https:\/\/support.google.com\/chrome\/answer\/95647?hl=es\" target=\"_blank\" rel=\"noopener\" data-auto-recognition=\"true\">https:\/\/support.google.com\/chrome\/answer\/95647?hl=es<\/a><\/span><\/p><\/li><li class=\"wixui-rich-text__text\"><p class=\"font_8 wixui-rich-text__text\"><span class=\"wixui-rich-text__text\">Explorer:\u00a0<a class=\"wixui-rich-text__text\" href=\"http:\/\/windows.microsoft.com\/es-es\/windows7\/how-to-manage-cookies-in-internet-explorer-9\" target=\"_blank\" rel=\"noopener\" data-auto-recognition=\"true\">http:\/\/windows.microsoft.com\/es-es\/windows7\/how-to-manage-cookies-in-internet-explorer-9<\/a><\/span><\/p><\/li><li class=\"wixui-rich-text__text\"><p class=\"font_8 wixui-rich-text__text\"><span class=\"wixui-rich-text__text\">Firefox:\u00a0<a class=\"wixui-rich-text__text\" href=\"https:\/\/support.mozilla.org\/es\/kb\/habilitar-y-deshabilitar-cookies-sitios-web-rastrear-preferencias\" target=\"_blank\" rel=\"noopener\" data-auto-recognition=\"true\">https:\/\/support.mozilla.org\/es\/kb\/habilitar-y-deshabilitar-cookies-sitios-web-rastrear-preferencias<\/a><\/span><\/p><\/li><li class=\"wixui-rich-text__text\"><p class=\"font_8 wixui-rich-text__text\"><span class=\"wixui-rich-text__text\">Opera:\u00a0<a class=\"wixui-rich-text__text\" href=\"https:\/\/help.opera.com\/en\/latest\/web-preferences\/\" target=\"_blank\" rel=\"noopener\">https:\/\/help.opera.com\/en\/latest\/web-preferences\/<\/a><\/span><\/p><\/li><li class=\"wixui-rich-text__text\"><p class=\"font_8 wixui-rich-text__text\"><span class=\"wixui-rich-text__text\"><a class=\"wixui-rich-text__text\" href=\"https:\/\/support.apple.com\/kb\/PH17191?locale=es_ES\" target=\"_blank\" rel=\"noopener\">Safari: https:\/\/support.apple.com\/kb\/PH17191?locale=es_ES<\/a><\/span><\/p><\/li><\/ul>\t\t\t\t\t\t\t\t<\/div>\n\t\t\t\t\t<\/div>\n\t\t\t\t<\/div>\n\t\t\t\t<\/div>","protected":false},"excerpt":{"rendered":"<p>\u00a01.\u00a0 INTRODUCCI\u00d3N La presente Pol\u00edtica de cookies tiene como finalidad informarle de qu\u00e9 son y por qu\u00e9 utilizamos cookies en nuestra web\u00a0https:\/\/interpunct.es\u00a0(en adelante, \u201cla Web\u201d) titularidad de Nuria Sanmart\u00edn Ricart, con n\u00famero de identificaci\u00f3n 52685327D y domicilio en C\/ Padre Jes\u00fas Fern\u00e1ndez, 16, 16, 46930 Quart de Poblet, Valencia, y para demostrarle nuestro compromiso constante [&hellip;]<\/p>\n","protected":false},"author":1,"featured_media":0,"parent":0,"menu_order":0,"comment_status":"closed","ping_status":"closed","template":"","meta":{"footnotes":""},"class_list":["post-62","page","type-page","status-publish","hentry"],"_links":{"self":[{"href":"https:\/\/interpunct.es\/val\/wp-json\/wp\/v2\/pages\/62","targetHints":{"allow":["GET"]}}],"collection":[{"href":"https:\/\/interpunct.es\/val\/wp-json\/wp\/v2\/pages"}],"about":[{"href":"https:\/\/interpunct.es\/val\/wp-json\/wp\/v2\/types\/page"}],"author":[{"embeddable":true,"href":"https:\/\/interpunct.es\/val\/wp-json\/wp\/v2\/users\/1"}],"replies":[{"embeddable":true,"href":"https:\/\/interpunct.es\/val\/wp-json\/wp\/v2\/comments?post=62"}],"version-history":[{"count":7,"href":"https:\/\/interpunct.es\/val\/wp-json\/wp\/v2\/pages\/62\/revisions"}],"predecessor-version":[{"id":460,"href":"https:\/\/interpunct.es\/val\/wp-json\/wp\/v2\/pages\/62\/revisions\/460"}],"wp:attachment":[{"href":"https:\/\/interpunct.es\/val\/wp-json\/wp\/v2\/media?parent=62"}],"curies":[{"name":"wp","href":"https:\/\/api.w.org\/{rel}","templated":true}]}}