{"id":38,"date":"2025-11-11T12:29:31","date_gmt":"2025-11-11T12:29:31","guid":{"rendered":"http:\/\/interpunct.es\/?page_id=38"},"modified":"2026-01-30T20:12:14","modified_gmt":"2026-01-30T20:12:14","slug":"copia-de-05-guia-de-la-academia","status":"publish","type":"page","link":"https:\/\/interpunct.es\/val\/copia-de-05-guia-de-la-academia\/","title":{"rendered":"Aviso Legal"},"content":{"rendered":"<div data-elementor-type=\"wp-page\" data-elementor-id=\"38\" class=\"elementor elementor-38\" data-elementor-post-type=\"page\">\n\t\t\t\t<div class=\"elementor-element elementor-element-c08a265 e-flex e-con-boxed e-con e-parent\" data-id=\"c08a265\" data-element_type=\"container\" data-e-type=\"container\">\n\t\t\t\t\t<div class=\"e-con-inner\">\n\t\t\t\t<div class=\"elementor-element elementor-element-202397a elementor-widget elementor-widget-text-editor\" data-id=\"202397a\" data-element_type=\"widget\" data-e-type=\"widget\" data-widget_type=\"text-editor.default\">\n\t\t\t\t\t\t\t\t\t<h5 class=\"font_5 wixui-rich-text__text\"><span class=\"wixui-rich-text__text\">1. INFORMACI\u00d3N GENERAL<\/span><\/h5><p class=\"font_8 wixui-rich-text__text\"><span class=\"wixui-rich-text__text\">En cumplimiento de la Ley 34\/2002 del 11 de julio de Servicios de la Sociedad de la Informaci\u00f3n y del Comercio Electr\u00f3nico, hemos elaborado el presente aviso legal (en adelante denominado, \u201cAviso legal\u201d) con el fin de regular el acceso y uso al presente sitio web\u00a0<a class=\"wixui-rich-text__text\" href=\"https:\/\/interpunct.es\/val\/\" target=\"_blank\" rel=\"noopener\" data-auto-recognition=\"true\">https:\/\/interpunct.es<\/a>\u00a0(en adelante, \u201cla Web\u201d).<\/span><\/p><p class=\"font_8 wixui-rich-text__text\"><span class=\"wixui-rich-text__text\">\u00a0<\/span><\/p><h5 class=\"font_5 wixui-rich-text__text\"><span class=\"wixui-rich-text__text\">2. DATOS IDENTIFICATIVOS<\/span><\/h5><p class=\"font_8 wixui-rich-text__text\"><span class=\"wixui-rich-text__text\">A continuaci\u00f3n, les facilitamos los datos de la persona titular y responsable de la Web a todos los efectos:<\/span><\/p><p class=\"font_8 wixui-rich-text__text\"><span class=\"wixui-rich-text__text\">INTERPUNCT TRANSLATIONS S.L. (en adelante, \u201cel titular de la web\u201d)<\/span><\/p><p class=\"font_8 wixui-rich-text__text\"><span class=\"wixui-rich-text__text\">N\u00famero de identificaci\u00f3n: B 98150006<\/span><\/p><p class=\"font_8 wixui-rich-text__text\"><span class=\"wixui-rich-text__text\">Domicilio: C\/ Jordi de Sant Jordi 9, Quart de Poblet, Valencia.<\/span><\/p><p class=\"font_8 wixui-rich-text__text\"><span class=\"wixui-rich-text__text\">Email:\u00a0<a class=\"wixui-rich-text__text\" href=\"mailto:nuria@interpunct.es\" data-auto-recognition=\"true\">nuria@interpunct.es<\/a><\/span><\/p><p class=\"font_8 wixui-rich-text__text\"><span class=\"wixui-rich-text__text\">\u00a0<\/span><\/p><h5 class=\"font_5 wixui-rich-text__text\"><span class=\"wixui-rich-text__text\">3. ACCESO Y USO DE LA WEB<\/span><\/h5><p class=\"font_8 wixui-rich-text__text\"><span class=\"wixui-rich-text__text\">El acceso y uso de la Web se regir\u00e1n por todo lo dispuesto en el presente Aviso legal, sin perjuicio de las condiciones espec\u00edficas que sean de aplicaci\u00f3n a determinados servicios incluidos en la misma.<\/span><\/p><p class=\"font_8 wixui-rich-text__text\"><span class=\"wixui-rich-text__text\">El acceso y uso de la Web atribuye la condici\u00f3n de usuario (en adelante, \u201cel Usuario\u201d) de la Web y conlleva la aceptaci\u00f3n de este de todo el contenido del Aviso legal en su versi\u00f3n publicada en la Web en el momento en que se produzca dicho acceso.<\/span><\/p><p class=\"font_8 wixui-rich-text__text\"><span class=\"wixui-rich-text__text\">\u00a0<\/span><\/p><h5 class=\"font_5 wixui-rich-text__text\"><span class=\"wixui-rich-text__text\">4. ACTUALIZACI\u00d3N<\/span><\/h5><p class=\"font_8 wixui-rich-text__text\"><span class=\"wixui-rich-text__text\">Queda reservado el derecho a modificar y actualizar la informaci\u00f3n contenida en la Web, as\u00ed como en el presente Aviso legal, en todo momento y sin necesidad de previo aviso. Ser\u00e1 responsabilidad del Usuario revisar el contenido en el momento de cada acceso y\/o uso.<\/span><\/p><p class=\"font_8 wixui-rich-text__text\"><span class=\"wixui-rich-text__text\">\u00a0<\/span><\/p><h5 class=\"font_5 wixui-rich-text__text\"><span class=\"wixui-rich-text__text\">5. OBLIGACIONES DEL USUARIO<\/span><\/h5><p class=\"font_8 wixui-rich-text__text\"><span class=\"wixui-rich-text__text\">\u00a0<\/span><\/p><h5 class=\"font_5 wixui-rich-text__text\"><span class=\"wixui-rich-text__text\">1.Veracidad de la informaci\u00f3n<\/span><\/h5><p class=\"font_8 wixui-rich-text__text\"><span class=\"wixui-rich-text__text\">El Usuario declara que toda la informaci\u00f3n por \u00e9l suministrada en el curso de la utilizaci\u00f3n de la Web es cierta, verdadera, completa, precisa y que est\u00e1 autorizado para divulgarla.<\/span><\/p><p class=\"font_8 wixui-rich-text__text\"><span class=\"wixui-rich-text__text\">\u00a0<\/span><\/p><h5 class=\"font_5 wixui-rich-text__text\"><span class=\"wixui-rich-text__text\">2.Cumplimiento de la legalidad<\/span><\/h5><p class=\"font_8 wixui-rich-text__text\"><span class=\"wixui-rich-text__text\">El Usuario se compromete a utilizar la Web en cumplimiento de la legislaci\u00f3n vigente y de conformidad con lo dispuesto en el Aviso legal.<\/span><\/p><p class=\"font_8 wixui-rich-text__text\"><span class=\"wixui-rich-text__text\">El Usuario se obliga a abstenerse de utilizar la Web con fines ilegales, que sean contrarios a lo establecido en el Aviso legal o que violen de alg\u00fan modo los derechos e intereses del Titular de la Web o de terceros.<\/span><\/p><p class=\"font_8 wixui-rich-text__text\"><span class=\"wixui-rich-text__text\">El Titular de la Web se reserva el derecho a suspender, interrumpir, denegar o retirar el acceso y\/o uso de su Web en cualquier momento y sin necesidad de previo aviso, a todo Usuario que incumpla con el presente Aviso legal.<\/span><\/p><p class=\"font_8 wixui-rich-text__text\"><span class=\"wixui-rich-text__text\">\u00a0<\/span><\/p><h5 class=\"font_5 wixui-rich-text__text\"><span class=\"wixui-rich-text__text\">3.Responsabilidad del usuario<\/span><\/h5><p class=\"font_8 wixui-rich-text__text\"><span class=\"wixui-rich-text__text\">El Usuario deber\u00e1 utilizar la Web y sus contenidos bajo su \u00fanica y exclusiva responsabilidad.<\/span><\/p><p class=\"font_8 wixui-rich-text__text\"><span class=\"wixui-rich-text__text\">El Usuario responder\u00e1 de los da\u00f1os y perjuicios de cualquier naturaleza que el Titular de la Web pueda sufrir como consecuencia, directa o indirecta, del incumplimiento del presente Aviso legal.<\/span><\/p><p class=\"font_8 wixui-rich-text__text\"><span class=\"wixui-rich-text__text\">\u00a0<\/span><\/p><h5 class=\"font_5 wixui-rich-text__text\"><span class=\"wixui-rich-text__text\">6. DERECHOS DE PROPIEDAD<\/span><\/h5><p class=\"font_8 wixui-rich-text__text\"><span class=\"wixui-rich-text__text\">Todo el contenido de la Web (incluidas las bases de datos, marcas, logos, nombres comerciales, im\u00e1genes, dibujos, gr\u00e1ficos, archivos de texto, audio, v\u00eddeo y software) son propiedad del Titular de la Web o el Titular de la Web cuenta con la debida autorizaci\u00f3n para su uso, y est\u00e1n protegidos por derechos de propiedad intelectual e industrial.<\/span><\/p><p class=\"font_8 wixui-rich-text__text\"><span class=\"wixui-rich-text__text\">\u00a0<\/span><\/p><h5 class=\"font_5 wixui-rich-text__text\"><span class=\"wixui-rich-text__text\">7. CONTENIDOS DE OTROS SITIOS WEB<\/span><\/h5><p class=\"font_8 wixui-rich-text__text\"><span class=\"wixui-rich-text__text\">Es posible que la Web ponga a disposici\u00f3n de los Usuarios enlaces a otros sitios web que est\u00e9n gestionados por terceros, por medio de dispositivos t\u00e9cnicos tales como enlaces de hipertexto, banners, botones y cualquier otra herramienta de b\u00fasqueda que permita al Usuario acceder a sitios web distintos de la Web o sitios web de terceros (en adelante, \u201cEnlaces\u201d). La utilizaci\u00f3n de Enlaces no supone la aceptaci\u00f3n, aval o recomendaci\u00f3n por parte del Titular de la Web de los contenidos o servicios por ellos ofrecidos, ni ofrece garant\u00eda alguna al Usuario. Por consiguiente, ser\u00e1 responsabilidad exclusiva del Usuario la navegaci\u00f3n a los dem\u00e1s sitios web a trav\u00e9s de dichos Enlaces, y el Titular de la Web ser\u00e1 exonerado de toda responsabilidad en relaci\u00f3n con la informaci\u00f3n, datos, archivos, productos, servicios y cualquier clase de material existente en las p\u00e1ginas a las que se acceda a trav\u00e9s de dichos Enlaces.<\/span><\/p><p class=\"font_8 wixui-rich-text__text\"><span class=\"wixui-rich-text__text\">De igual forma, todos aquellos Enlaces entre cualquier sitio web y la Web no implican relaci\u00f3n legal alguna entre la Web y aquella que incorpore dichos Enlaces, ni tampoco el conocimiento y aceptaci\u00f3n de su existencia y contenido por parte del Titular de la Web.<\/span><\/p><p class=\"font_8 wixui-rich-text__text\"><span class=\"wixui-rich-text__text\">\u00a0<\/span><\/p><h5 class=\"font_5 wixui-rich-text__text\"><span class=\"wixui-rich-text__text\">8. LIMITACI\u00d3N DE RESPONSABILIDAD<\/span><\/h5><p class=\"font_8 wixui-rich-text__text\"><span class=\"wixui-rich-text__text\">Siempre de conformidad con la legislaci\u00f3n vigente, el Titular de la Web queda eximido de toda responsabilidad derivada:<\/span><\/p><ol class=\"font_8 wixui-rich-text__text\"><li class=\"wixui-rich-text__text\"><p class=\"font_8 wixui-rich-text__text\"><span class=\"wixui-rich-text__text\">De cualquier error, supresi\u00f3n o anomal\u00eda que se pueda dar en la transmisi\u00f3n y funcionamiento de la Web y que tenga origen en causas de fuerza mayor o fortuita (ya sean problemas de internet, errores inform\u00e1ticos, aver\u00edas telef\u00f3nicas, hackers, etc.), o que fueran consecuencia de la mala fe del Usuario.<\/span><\/p><\/li><li class=\"wixui-rich-text__text\"><p class=\"font_8 wixui-rich-text__text\"><span class=\"wixui-rich-text__text\">De la utilizaci\u00f3n inadecuada que los Usuarios puedan hacer de la Web y que resulten en la violaci\u00f3n de los derechos de propiedad intelectual y\/o industrial u otros delitos civiles o penales.<\/span><\/p><\/li><li class=\"wixui-rich-text__text\"><p class=\"font_8 wixui-rich-text__text\"><span class=\"wixui-rich-text__text\">De las reclamaciones de terceros derivadas del uso indebido por parte del Usuario de la Web.<\/span><\/p><\/li><li class=\"wixui-rich-text__text\"><p class=\"font_8 wixui-rich-text__text\"><span class=\"wixui-rich-text__text\">De los actos u omisiones de terceros, independientemente de si estos mantienen alguna relaci\u00f3n contractual con el Titular de la Web.<\/span><\/p><\/li><li class=\"wixui-rich-text__text\"><p class=\"font_8 wixui-rich-text__text\"><span class=\"wixui-rich-text__text\">Del acceso y uso de la Web a contenidos no aptos, as\u00ed como el env\u00edo de datos por parte de menores de edad sin el consentimiento de sus padres o tutores legales, siendo responsabilidad de los padres o tutores legales evitar que los menores a su cargo puedan acceder a contenido no apto.<\/span><\/p><\/li><li class=\"wixui-rich-text__text\"><p class=\"font_8 wixui-rich-text__text\"><span class=\"wixui-rich-text__text\">De los errores o desactualizaci\u00f3n de los contenidos publicados en la Web.<\/span><\/p><\/li><li class=\"wixui-rich-text__text\"><p class=\"font_8 wixui-rich-text__text\"><span class=\"wixui-rich-text__text\">De los datos imprecisos, incorrectos o incompletos facilitados por el Usuario que impidan transmitir los productos o servicios contratados y\/o contactar con el Usuario.<\/span><\/p><\/li><\/ol><p class=\"font_8 wixui-rich-text__text\"><span class=\"wixui-rich-text__text\">\u00a0<\/span><\/p><h5 class=\"font_5 wixui-rich-text__text\"><span class=\"wixui-rich-text__text\">9. NULIDAD E INEFICACIA<\/span><\/h5><p class=\"font_8 wixui-rich-text__text\"><span class=\"wixui-rich-text__text\">En caso de que cualquier cl\u00e1usula del presente Aviso Legal se declarara nula, total o parcialmente, tal nulidad afectar\u00e1 tan solo a aquella disposici\u00f3n que resulte nula o ineficaz, sin que ello afecte al resto de las cl\u00e1usulas.<\/span><\/p><p class=\"font_8 wixui-rich-text__text\"><span class=\"wixui-rich-text__text\">\u00a0<\/span><\/p><h5 class=\"font_5 wixui-rich-text__text\"><span class=\"wixui-rich-text__text\">10. LEY APLICABLE<\/span><\/h5><p class=\"font_8 wixui-rich-text__text\"><span class=\"wixui-rich-text__text\">El presente Aviso Legal, as\u00ed como toda relaci\u00f3n que pueda surgir entre el Usuario y el Titular de la Web por el acceso y utilizaci\u00f3n de la Web se interpretar\u00e1n y regir\u00e1n de conformidad con la Ley Espa\u00f1ola.<\/span><\/p><p class=\"font_8 wixui-rich-text__text\">\u00a0<\/p>\t\t\t\t\t\t\t\t<\/div>\n\t\t\t\t\t<\/div>\n\t\t\t\t<\/div>\n\t\t\t\t<\/div>","protected":false},"excerpt":{"rendered":"<p>1. INFORMACI\u00d3N GENERAL En cumplimiento de la Ley 34\/2002 del 11 de julio de Servicios de la Sociedad de la Informaci\u00f3n y del Comercio Electr\u00f3nico, hemos elaborado el presente aviso legal (en adelante denominado, \u201cAviso legal\u201d) con el fin de regular el acceso y uso al presente sitio web\u00a0https:\/\/interpunct.es\u00a0(en adelante, \u201cla Web\u201d). \u00a0 2. DATOS [&hellip;]<\/p>\n","protected":false},"author":1,"featured_media":0,"parent":0,"menu_order":0,"comment_status":"closed","ping_status":"closed","template":"","meta":{"footnotes":""},"class_list":["post-38","page","type-page","status-publish","hentry"],"_links":{"self":[{"href":"https:\/\/interpunct.es\/val\/wp-json\/wp\/v2\/pages\/38","targetHints":{"allow":["GET"]}}],"collection":[{"href":"https:\/\/interpunct.es\/val\/wp-json\/wp\/v2\/pages"}],"about":[{"href":"https:\/\/interpunct.es\/val\/wp-json\/wp\/v2\/types\/page"}],"author":[{"embeddable":true,"href":"https:\/\/interpunct.es\/val\/wp-json\/wp\/v2\/users\/1"}],"replies":[{"embeddable":true,"href":"https:\/\/interpunct.es\/val\/wp-json\/wp\/v2\/comments?post=38"}],"version-history":[{"count":10,"href":"https:\/\/interpunct.es\/val\/wp-json\/wp\/v2\/pages\/38\/revisions"}],"predecessor-version":[{"id":657,"href":"https:\/\/interpunct.es\/val\/wp-json\/wp\/v2\/pages\/38\/revisions\/657"}],"wp:attachment":[{"href":"https:\/\/interpunct.es\/val\/wp-json\/wp\/v2\/media?parent=38"}],"curies":[{"name":"wp","href":"https:\/\/api.w.org\/{rel}","templated":true}]}}