{"id":62,"date":"2025-11-11T14:34:07","date_gmt":"2025-11-11T14:34:07","guid":{"rendered":"http:\/\/interpunct.es\/?page_id=62"},"modified":"2025-11-27T19:23:58","modified_gmt":"2025-11-27T19:23:58","slug":"copia-de-politica-de-privacidad","status":"publish","type":"page","link":"https:\/\/interpunct.es\/en\/copia-de-politica-de-privacidad\/","title":{"rendered":"Cookies Policy"},"content":{"rendered":"<div data-elementor-type=\"wp-page\" data-elementor-id=\"62\" class=\"elementor elementor-62\" data-elementor-post-type=\"page\">\n\t\t\t\t<div class=\"elementor-element elementor-element-c08a265 e-flex e-con-boxed e-con e-parent\" data-id=\"c08a265\" data-element_type=\"container\" data-e-type=\"container\">\n\t\t\t\t\t<div class=\"e-con-inner\">\n\t\t\t\t<div class=\"elementor-element elementor-element-202397a elementor-widget elementor-widget-text-editor\" data-id=\"202397a\" data-element_type=\"widget\" data-e-type=\"widget\" data-widget_type=\"text-editor.default\">\n\t\t\t\t\t\t\t\t\t<p class=\"font_8 wixui-rich-text__text\"><span class=\"wixui-rich-text__text\">\u00a01.\u00a0 INTRODUCCI\u00d3N<\/span><\/p><p class=\"font_8 wixui-rich-text__text\"><span class=\"wixui-rich-text__text\">The purpose of this Cookies Policy is to inform you of what cookies are and why we use them on our website\u00a0<a class=\"wixui-rich-text__text\" href=\"https:\/\/interpunct.es\/en\/\" target=\"_blank\" rel=\"noopener\" data-auto-recognition=\"true\">https:\/\/interpunct.es<\/a>\u00a0(hereinafter, \"the Website\") owned by Nuria Sanmart\u00edn Ricart, with identification number 52685327D and address at C\/ Padre Jes\u00fas Fern\u00e1ndez, 16, 16, 46930 Quart de Poblet, Valencia, and to demonstrate our constant commitment to protecting your privacy.<\/span><\/p><p class=\"font_8 wixui-rich-text__text\"><span class=\"wixui-rich-text__text\">By using our website, you accept the storage of cookies on your device, and therefore accept this Cookies Policy.<\/span><\/p><p class=\"font_8 wixui-rich-text__text\"><span class=\"wixui-rich-text__text\">For any doubt or consultation regarding our Cookies Policy, send us an email to interpunct@ interpunct.es.<\/span><\/p><p class=\"font_8 wixui-rich-text__text\"><span class=\"wixui-rich-text__text\">\u00a0<\/span><\/p><p class=\"font_8 wixui-rich-text__text\"><span class=\"wixui-rich-text__text\">2. DEFINITION OF COOKIES<\/span><\/p><p class=\"font_8 wixui-rich-text__text\"><span class=\"wixui-rich-text__text\">A cookie is a small text file that is stored for a certain period of time on the hard drive of your device at the time you access certain websites (hereinafter, the \"Cookies\"). Cookies allow a website to store and retrieve information about the browsing habits and behaviour of the User or of the equipment from which it connects, in order to provide personalised browsing services, and in this way improve the User's experience when browsing the website.<\/span><\/p><p class=\"font_8 wixui-rich-text__text\"><span class=\"wixui-rich-text__text\">\u00a0<\/span><\/p><p class=\"font_8 wixui-rich-text__text\"><span class=\"wixui-rich-text__text\">3. TYPE OF COOKIES USED<\/span><\/p><p class=\"font_8 wixui-rich-text__text\"><span class=\"wixui-rich-text__text\">On our website we use session (log in\/out??) and persistent cookies managed by third parties:<\/span><\/p><ul class=\"font_8 wixui-rich-text__text\"><li class=\"wixui-rich-text__text\"><p class=\"font_8 wixui-rich-text__text\"><span class=\"wixui-rich-text__text\">Session cookies are cookies that are automatically deleted when you close your browser.<\/span><\/p><\/li><li class=\"wixui-rich-text__text\"><p class=\"font_8 wixui-rich-text__text\"><span class=\"wixui-rich-text__text\">Persistent cookies are cookies that remain stored on the user's device even after the browser is closed.<\/span><\/p><\/li><li class=\"wixui-rich-text__text\"><p class=\"font_8 wixui-rich-text__text\"><span class=\"wixui-rich-text__text\">Third-party cookies are those that are sent to the user's device through a website that is not managed by the main website, but by another entity.<\/span><\/p><\/li><\/ul><p class=\"font_8 wixui-rich-text__text\"><span class=\"wixui-rich-text__text\">We use the following types of cookies:<\/span><\/p><ul class=\"font_8 wixui-rich-text__text\"><li class=\"wixui-rich-text__text\"><p class=\"font_8 wixui-rich-text__text\"><span class=\"wixui-rich-text__text\">Analysis Cookies: Are those that allow us to evaluate the behaviour of users of our Website, and thus help us to improve our service, performance and user experience.<\/span><\/p><\/li><li class=\"wixui-rich-text__text\"><p class=\"font_8 wixui-rich-text__text\"><span class=\"wixui-rich-text__text\">Personalisation Cookies: These are those that allow the User to access the service with some general characteristics, such as language, browser type, content design, geolocation of the terminal or regional configuration from which the service is accessed, among others.<\/span><\/p><\/li><li class=\"wixui-rich-text__text\"><p class=\"font_8 wixui-rich-text__text\"><span class=\"wixui-rich-text__text\">Behavioural advertising cookies: Are a type of advertising cookies used to store and retrieve information on user behaviour obtained through the continuous observation of browsing habits, allowing you to develop a specific profile to show advertising based on it.<\/span><\/p><\/li><li class=\"wixui-rich-text__text\"><p class=\"font_8 wixui-rich-text__text\"><span class=\"wixui-rich-text__text\">Advertising Cookies: These are those that allow the effective management of the offer of advertising spaces on the website, adapting the content of the advertisement to the content of the service requested.<\/span><\/p><\/li><li class=\"wixui-rich-text__text\"><p class=\"font_8 wixui-rich-text__text\"><span class=\"wixui-rich-text__text\">Technical Cookies: Are those that allow the user to navigate through the Website page or application and the use of different options or services that exist. For example, make the request for registration or participation in an event, use security elements during navigation, and store content for the dissemination of videos or sound.<\/span><\/p><\/li><\/ul><p class=\"font_8 wixui-rich-text__text\"><span class=\"wixui-rich-text__text\">Cookies will be used exclusively for the purposes indicated in this Cookies Policy.<\/span><\/p><p class=\"font_8 wixui-rich-text__text\"><span class=\"wixui-rich-text__text\">\u00a0<\/span><\/p><p class=\"font_8 wixui-rich-text__text\"><span class=\"wixui-rich-text__text\">4. HOW TO DISABLE COOKIES<\/span><\/p><p class=\"font_8 wixui-rich-text__text\"><span class=\"wixui-rich-text__text\">Although cookies are not essential to navigate the Website, if you enable them you will enjoy a better user experience. You can modify your browser settings to delete or block them, but if you do, some services may not work properly.<\/span><\/p><p class=\"font_8 wixui-rich-text__text\"><span class=\"wixui-rich-text__text\">Select the browser in which you want to learn more about disabling cookies:<\/span><\/p><ul class=\"font_8 wixui-rich-text__text\"><li class=\"wixui-rich-text__text\"><p class=\"font_8 wixui-rich-text__text\"><span class=\"wixui-rich-text__text\">Chrome:\u00a0<a class=\"wixui-rich-text__text\" href=\"https:\/\/support.google.com\/chrome\/answer\/95647?hl=es\" target=\"_blank\" rel=\"noopener\" data-auto-recognition=\"true\">https:\/\/support.google.com\/chrome\/answer\/95647?hl=es<\/a><\/span><\/p><\/li><li class=\"wixui-rich-text__text\"><p class=\"font_8 wixui-rich-text__text\"><span class=\"wixui-rich-text__text\">Explorer:\u00a0<a class=\"wixui-rich-text__text\" href=\"http:\/\/windows.microsoft.com\/es-es\/windows7\/how-to-manage-cookies-in-internet-explorer-9\" target=\"_blank\" rel=\"noopener\" data-auto-recognition=\"true\">http:\/\/windows.microsoft.com\/es-es\/windows7\/how-to-manage-cookies-in-internet-explorer-9<\/a><\/span><\/p><\/li><li class=\"wixui-rich-text__text\"><p class=\"font_8 wixui-rich-text__text\"><span class=\"wixui-rich-text__text\">Firefox:\u00a0<a class=\"wixui-rich-text__text\" href=\"https:\/\/support.mozilla.org\/es\/kb\/habilitar-y-deshabilitar-cookies-sitios-web-rastrear-preferencias\" target=\"_blank\" rel=\"noopener\" data-auto-recognition=\"true\">https:\/\/support.mozilla.org\/es\/kb\/habilitar-y-deshabilitar-cookies-sitios-web-rastrear-preferencias<\/a><\/span><\/p><\/li><li class=\"wixui-rich-text__text\"><p class=\"font_8 wixui-rich-text__text\"><span class=\"wixui-rich-text__text\">Opera:\u00a0<a class=\"wixui-rich-text__text\" href=\"https:\/\/help.opera.com\/en\/latest\/web-preferences\/\" target=\"_blank\" rel=\"noopener\">https:\/\/help.opera.com\/en\/latest\/web-preferences\/<\/a><\/span><\/p><\/li><li class=\"wixui-rich-text__text\"><p class=\"font_8 wixui-rich-text__text\"><span class=\"wixui-rich-text__text\"><a class=\"wixui-rich-text__text\" href=\"https:\/\/support.apple.com\/kb\/PH17191?locale=es_ES\" target=\"_blank\" rel=\"noopener\">Safari: https:\/\/support.apple.com\/kb\/PH17191?locale=es_ES<\/a><\/span><\/p><\/li><\/ul>\t\t\t\t\t\t\t\t<\/div>\n\t\t\t\t\t<\/div>\n\t\t\t\t<\/div>\n\t\t\t\t<\/div>","protected":false},"excerpt":{"rendered":"<p>\u00a01.\u00a0 INTRODUCCI\u00d3N La presente Pol\u00edtica de cookies tiene como finalidad informarle de qu\u00e9 son y por qu\u00e9 utilizamos cookies en nuestra web\u00a0https:\/\/interpunct.es\u00a0(en adelante, \u201cla Web\u201d) titularidad de Nuria Sanmart\u00edn Ricart, con n\u00famero de identificaci\u00f3n 52685327D y domicilio en C\/ Padre Jes\u00fas Fern\u00e1ndez, 16, 16, 46930 Quart de Poblet, Valencia, y para demostrarle nuestro compromiso constante [&hellip;]<\/p>\n","protected":false},"author":1,"featured_media":0,"parent":0,"menu_order":0,"comment_status":"closed","ping_status":"closed","template":"","meta":{"footnotes":""},"class_list":["post-62","page","type-page","status-publish","hentry"],"_links":{"self":[{"href":"https:\/\/interpunct.es\/en\/wp-json\/wp\/v2\/pages\/62","targetHints":{"allow":["GET"]}}],"collection":[{"href":"https:\/\/interpunct.es\/en\/wp-json\/wp\/v2\/pages"}],"about":[{"href":"https:\/\/interpunct.es\/en\/wp-json\/wp\/v2\/types\/page"}],"author":[{"embeddable":true,"href":"https:\/\/interpunct.es\/en\/wp-json\/wp\/v2\/users\/1"}],"replies":[{"embeddable":true,"href":"https:\/\/interpunct.es\/en\/wp-json\/wp\/v2\/comments?post=62"}],"version-history":[{"count":7,"href":"https:\/\/interpunct.es\/en\/wp-json\/wp\/v2\/pages\/62\/revisions"}],"predecessor-version":[{"id":460,"href":"https:\/\/interpunct.es\/en\/wp-json\/wp\/v2\/pages\/62\/revisions\/460"}],"wp:attachment":[{"href":"https:\/\/interpunct.es\/en\/wp-json\/wp\/v2\/media?parent=62"}],"curies":[{"name":"wp","href":"https:\/\/api.w.org\/{rel}","templated":true}]}}