{"id":62,"date":"2025-11-11T14:34:07","date_gmt":"2025-11-11T14:34:07","guid":{"rendered":"http:\/\/interpunct.es\/?page_id=62"},"modified":"2025-11-27T19:23:58","modified_gmt":"2025-11-27T19:23:58","slug":"copia-de-politica-de-privacidad","status":"publish","type":"page","link":"https:\/\/interpunct.es\/de\/copia-de-politica-de-privacidad\/","title":{"rendered":"Cookie-Hinweis"},"content":{"rendered":"<div data-elementor-type=\"wp-page\" data-elementor-id=\"62\" class=\"elementor elementor-62\" data-elementor-post-type=\"page\">\n\t\t\t\t<div class=\"elementor-element elementor-element-c08a265 e-flex e-con-boxed e-con e-parent\" data-id=\"c08a265\" data-element_type=\"container\" data-e-type=\"container\">\n\t\t\t\t\t<div class=\"e-con-inner\">\n\t\t\t\t<div class=\"elementor-element elementor-element-202397a elementor-widget elementor-widget-text-editor\" data-id=\"202397a\" data-element_type=\"widget\" data-e-type=\"widget\" data-widget_type=\"text-editor.default\">\n\t\t\t\t\t\t\t\t\t<p class=\"font_8 wixui-rich-text__text\"><span class=\"wixui-rich-text__text\">\u00a01. EINF\u00dcHRUNG<\/span><\/p><p class=\"font_8 wixui-rich-text__text\"><span class=\"wixui-rich-text__text\">Die folgende Cookie-Richtlinie hat zum Ziel, Sie dar\u00fcber zu informieren, was Cookies sind, warum wir sie auf unserer Homepage\u00a0<a class=\"wixui-rich-text__text\" href=\"https:\/\/interpunct.es\/de\/\" target=\"_blank\" rel=\"noopener\" data-auto-recognition=\"true\">https:\/\/interpunct.es<\/a>\u00a0(im Folgenden, \u201cdie Homepage\u201d), Eigentum von Nuria Sanmart\u00edn Ricart, mit der Ausweisnummer 52685327D und wohnhaft in C\/ Jordi de Sant Jordi, 9, 46930 Quart de Poblet, Valencia, Spanien, verwenden und um Ihnen unser anhaltendes Engagement f\u00fcr den Schutz Ihrer Privatsph\u00e4re zu belegen.<\/span><\/p><p class=\"font_8 wixui-rich-text__text\"><span class=\"wixui-rich-text__text\">Durch den Besuch unserer Homepage akzeptieren Sie die Speicherung von Cookies auf Ihrem Ger\u00e4t und akzeptieren au\u00dferdem die hier aufgef\u00fchrte Cookie-Richtlinie.<\/span><\/p><p class=\"font_8 wixui-rich-text__text\"><span class=\"wixui-rich-text__text\">Bei Zweifeln oder Fragen zu unserer Cookie-Richtlinie senden Sie bitte eine Mail an interpunct@interpunct.es.<\/span><\/p><p class=\"font_8 wixui-rich-text__text\"><span class=\"wixui-rich-text__text\">\u00a0<\/span><\/p><p class=\"font_8 wixui-rich-text__text\"><span class=\"wixui-rich-text__text\">2. DEFINITION VON COOKIES<\/span><\/p><p class=\"font_8 wixui-rich-text__text\"><span class=\"wixui-rich-text__text\">Cookies sind kleine Textdateien, die beim Besuch bestimmter Websites f\u00fcr eine bestimmte Zeit auf der Festplatte Ihres Ger\u00e4tes gespeichert werden (im Folgenden \u201cCookies\u201d). Cookies erlauben einer Website, Informationen \u00fcber Navigation und Verhalten des Nutzers oder seines mit dem Internet verbundenen Ger\u00e4tes zu speichern und wiederzuverwenden. Dies dient dazu, dem Nutzer personalisierte Navigation zu erm\u00f6glichen und dadurch das Surferlebnis zu verbessern.<\/span><\/p><p class=\"font_8 wixui-rich-text__text\"><span class=\"wixui-rich-text__text\">\u00a0<\/span><\/p><p class=\"font_8 wixui-rich-text__text\"><span class=\"wixui-rich-text__text\">3. ART VON COOKIES, DIE VERWENDET WERDEN<\/span><\/p><p class=\"font_8 wixui-rich-text__text\"><span class=\"wixui-rich-text__text\">Auf unserer Website verwenden wir von Dritten verwaltete Sitzungs- und dauerhafte Cookies:<\/span><\/p><ul class=\"font_8 wixui-rich-text__text\"><li class=\"wixui-rich-text__text\"><p class=\"font_8 wixui-rich-text__text\"><span class=\"wixui-rich-text__text\">Sitzungs-Cookies sind Cookies, die durch das Schlie\u00dfen des Browsers automatisch gel\u00f6scht werden.<\/span><\/p><\/li><li class=\"wixui-rich-text__text\"><p class=\"font_8 wixui-rich-text__text\"><span class=\"wixui-rich-text__text\">Dauerhafte Cookies sind Cookies, die auch nach Schlie\u00dfen des Browsers dauerhaft auf dem Ger\u00e4t gespeichert werden.<\/span><\/p><\/li><li class=\"wixui-rich-text__text\"><p class=\"font_8 wixui-rich-text__text\"><span class=\"wixui-rich-text__text\">Cookies von Dritten sind Cookies, die \u00fcber eine Website, die nicht von der Haupthomepage, sondern von einer anderen Einheit verwaltet wird, an das Ger\u00e4t des Nutzers \u00fcbertragen werden.<\/span><\/p><\/li><\/ul><p class=\"font_8 wixui-rich-text__text\"><span class=\"wixui-rich-text__text\">Wir nutzen folgende Arten von Cookies:<\/span><\/p><ul class=\"font_8 wixui-rich-text__text\"><li class=\"wixui-rich-text__text\"><p class=\"font_8 wixui-rich-text__text\"><span class=\"wixui-rich-text__text\">Analyse-Cookies: erlauben uns, das Verhalten des Besuchers auf unserer Homepage zu ermitteln. Sie erm\u00f6glichen eine Verbesserung des Services, Betriebes und des Nutzungserlebnisses auf unserer Website.<\/span><\/p><\/li><li class=\"wixui-rich-text__text\"><p class=\"font_8 wixui-rich-text__text\"><span class=\"wixui-rich-text__text\">Personalisierte Cookies: erlauben dem Besucher, den Service mit einigen Voreinsteillungen zu nutzen, wie z. B. die Sprache, Art des Browsers, Design der Inhalte, die Standortbestimmung des Endger\u00e4tes oder die regionalen Konfigurationen des Zugriffsortes.<\/span><\/p><\/li><li class=\"wixui-rich-text__text\"><p class=\"font_8 wixui-rich-text__text\"><span class=\"wixui-rich-text__text\">Cookies f\u00fcr verhaltensbasierte Werbung: Diese Art von Werbe-Cookies wird verwendet, um Informationen \u00fcber das Verhalten des Nutzers zu speichern und abzurufen, die durch kontinuierliche Beobachtung seiner Surfgewohnheiten gewonnen werden. Dies erm\u00f6glicht die Entwicklung eines spezifischen Profils zur Anzeige von Werbung auf der Grundlage desselben.<\/span><\/p><\/li><li class=\"wixui-rich-text__text\"><p class=\"font_8 wixui-rich-text__text\"><span class=\"wixui-rich-text__text\">Werbungs-Cookies: erm\u00f6glichen, Werbefl\u00e4chen im Web effizient zu verwalten und den Inhalt der Anzeige an den Inhalt der angeforderten Dienstleistung anzupassen.<\/span><\/p><\/li><li class=\"wixui-rich-text__text\"><p class=\"font_8 wixui-rich-text__text\"><span class=\"wixui-rich-text__text\">Technische Cookies: erm\u00f6glichen dem Nutzer das Navigieren auf der Website oder Anwendung und die Nutzung verschiedener Auswahlm\u00f6glichkeiten oder Dienste. Sie werden beispielsweise f\u00fcr Antr\u00e4ge auf Registrierung oder Teilnahme an einer Veranstaltung genutzt, verwenden Sicherheitselemente bei der Navigation oder speichern Inhalte f\u00fcr die Ausstrahlung von Video- und Tonmaterial.<\/span><\/p><\/li><\/ul><p class=\"font_8 wixui-rich-text__text\"><span class=\"wixui-rich-text__text\">Cookies werden nur f\u00fcr die in dieser Cookie-Richtlinie angegebenen Zwecke verwendet.<\/span><\/p><p class=\"font_8 wixui-rich-text__text\"><span class=\"wixui-rich-text__text\">\u00a0<\/span><\/p><p class=\"font_8 wixui-rich-text__text\"><span class=\"wixui-rich-text__text\">4. WIE MAN COOKIES DEAKTIVIERT<\/span><\/p><p class=\"font_8 wixui-rich-text__text\"><span class=\"wixui-rich-text__text\">Auch wenn Cookies nicht wesentlich f\u00fcr den Besuch der Homepage sind, erm\u00f6glicht ihre Aktivierung ein verbessertes Nutzungserlebnis. Sie k\u00f6nnen Cookies in den Einstellungen Ihres Browsers l\u00f6schen oder blockieren. Allerdings kann es sein, dass mache Prozesse anschlie\u00dfend nicht mehr richtig funktionieren.<\/span><\/p><p class=\"font_8 wixui-rich-text__text\"><span class=\"wixui-rich-text__text\">W\u00e4hlen Sie den Browser, bei dem Sie mehr \u00fcber die Deaktivierung von Cookies erfahren m\u00f6chten:<\/span><\/p><ul class=\"font_8 wixui-rich-text__text\"><li class=\"wixui-rich-text__text\"><p class=\"font_8 wixui-rich-text__text\"><span class=\"wixui-rich-text__text\">Chrome:\u00a0<a class=\"wixui-rich-text__text\" href=\"https:\/\/support.google.com\/chrome\/answer\/95647?hl=es\" target=\"_blank\" rel=\"noopener\" data-auto-recognition=\"true\">https:\/\/support.google.com\/chrome\/answer\/95647?hl=es<\/a><\/span><\/p><\/li><li class=\"wixui-rich-text__text\"><p class=\"font_8 wixui-rich-text__text\"><span class=\"wixui-rich-text__text\">Explorer:\u00a0<a class=\"wixui-rich-text__text\" href=\"http:\/\/windows.microsoft.com\/es-es\/windows7\/how-to-manage-cookies-in-internet-explorer-9\" target=\"_blank\" rel=\"noopener\" data-auto-recognition=\"true\">http:\/\/windows.microsoft.com\/es-es\/windows7\/how-to-manage-cookies-in-internet-explorer-9<\/a><\/span><\/p><\/li><li class=\"wixui-rich-text__text\"><p class=\"font_8 wixui-rich-text__text\"><span class=\"wixui-rich-text__text\">Firefox:\u00a0<a class=\"wixui-rich-text__text\" href=\"https:\/\/support.mozilla.org\/es\/kb\/habilitar-y-deshabilitar-cookies-sitios-web-rastrear-preferencias\" target=\"_blank\" rel=\"noopener\" data-auto-recognition=\"true\">https:\/\/support.mozilla.org\/es\/kb\/habilitar-y-deshabilitar-cookies-sitios-web-rastrear-preferencias<\/a><\/span><\/p><\/li><li class=\"wixui-rich-text__text\"><p class=\"font_8 wixui-rich-text__text\"><span class=\"wixui-rich-text__text\">Opera:\u00a0<a class=\"wixui-rich-text__text\" href=\"https:\/\/help.opera.com\/en\/latest\/web-preferences\/\" target=\"_blank\" rel=\"noopener\">https:\/\/help.opera.com\/en\/latest\/web-preferences\/<\/a><\/span><\/p><\/li><li class=\"wixui-rich-text__text\"><p class=\"font_8 wixui-rich-text__text\"><span class=\"wixui-rich-text__text\"><a class=\"wixui-rich-text__text\" href=\"https:\/\/support.apple.com\/kb\/PH17191?locale=es_ES\" target=\"_blank\" rel=\"noopener\">Safari: https:\/\/support.apple.com\/kb\/PH17191?locale=es_ES<\/a><\/span><\/p><\/li><\/ul>\t\t\t\t\t\t\t\t<\/div>\n\t\t\t\t\t<\/div>\n\t\t\t\t<\/div>\n\t\t\t\t<\/div>","protected":false},"excerpt":{"rendered":"<p>\u00a01.\u00a0 INTRODUCCI\u00d3N La presente Pol\u00edtica de cookies tiene como finalidad informarle de qu\u00e9 son y por qu\u00e9 utilizamos cookies en nuestra web\u00a0https:\/\/interpunct.es\u00a0(en adelante, \u201cla Web\u201d) titularidad de Nuria Sanmart\u00edn Ricart, con n\u00famero de identificaci\u00f3n 52685327D y domicilio en C\/ Padre Jes\u00fas Fern\u00e1ndez, 16, 16, 46930 Quart de Poblet, Valencia, y para demostrarle nuestro compromiso constante [&hellip;]<\/p>\n","protected":false},"author":1,"featured_media":0,"parent":0,"menu_order":0,"comment_status":"closed","ping_status":"closed","template":"","meta":{"footnotes":""},"class_list":["post-62","page","type-page","status-publish","hentry"],"_links":{"self":[{"href":"https:\/\/interpunct.es\/de\/wp-json\/wp\/v2\/pages\/62","targetHints":{"allow":["GET"]}}],"collection":[{"href":"https:\/\/interpunct.es\/de\/wp-json\/wp\/v2\/pages"}],"about":[{"href":"https:\/\/interpunct.es\/de\/wp-json\/wp\/v2\/types\/page"}],"author":[{"embeddable":true,"href":"https:\/\/interpunct.es\/de\/wp-json\/wp\/v2\/users\/1"}],"replies":[{"embeddable":true,"href":"https:\/\/interpunct.es\/de\/wp-json\/wp\/v2\/comments?post=62"}],"version-history":[{"count":7,"href":"https:\/\/interpunct.es\/de\/wp-json\/wp\/v2\/pages\/62\/revisions"}],"predecessor-version":[{"id":460,"href":"https:\/\/interpunct.es\/de\/wp-json\/wp\/v2\/pages\/62\/revisions\/460"}],"wp:attachment":[{"href":"https:\/\/interpunct.es\/de\/wp-json\/wp\/v2\/media?parent=62"}],"curies":[{"name":"wp","href":"https:\/\/api.w.org\/{rel}","templated":true}]}}