{"id":57,"date":"2025-11-11T14:15:15","date_gmt":"2025-11-11T14:15:15","guid":{"rendered":"http:\/\/interpunct.es\/?page_id=57"},"modified":"2026-01-30T20:14:44","modified_gmt":"2026-01-30T20:14:44","slug":"copia-de-aviso-legal","status":"publish","type":"page","link":"https:\/\/interpunct.es\/de\/copia-de-aviso-legal\/","title":{"rendered":"AGB"},"content":{"rendered":"<div data-elementor-type=\"wp-page\" data-elementor-id=\"57\" class=\"elementor elementor-57\" data-elementor-post-type=\"page\">\n\t\t\t\t<div class=\"elementor-element elementor-element-c08a265 e-flex e-con-boxed e-con e-parent\" data-id=\"c08a265\" data-element_type=\"container\" data-e-type=\"container\">\n\t\t\t\t\t<div class=\"e-con-inner\">\n\t\t\t\t<div class=\"elementor-element elementor-element-202397a elementor-widget elementor-widget-text-editor\" data-id=\"202397a\" data-element_type=\"widget\" data-e-type=\"widget\" data-widget_type=\"text-editor.default\">\n\t\t\t\t\t\t\t\t\t<h5 class=\"font_5 wixui-rich-text__text\"><span class=\"wixui-rich-text__text\">1. ALLGEMEINE INFORMATION<\/span><\/h5><p class=\"font_8 wixui-rich-text__text\"><span class=\"wixui-rich-text__text\">(im Folgenden als \"Website\" bezeichnet) angewendet werden. Dies erfolgt in \u00dcbereinstimmung mit den Vorschriften zum Schutz der Privatsph\u00e4re und insbesondere in \u00dcbereinstimmung mit dem Organgesetz 15\/1999 vom 13. Dezember \u00fcber den Schutz personenbezogener Daten und dem K\u00f6niglichen Dekret 1720\/2007 vom 21. Dezember, sowie mit anderen erg\u00e4nzenden Vorschriften.\u00a0<a class=\"wixui-rich-text__text\" href=\"https:\/\/interpunct.es\/de\/\" target=\"_blank\" rel=\"noopener\" data-auto-recognition=\"true\">https:\/\/interpunct.es<\/a>\u00a0(en adelante, la \u201cWeb\u201d), en cumplimiento de la normativa sobre protecci\u00f3n de la privacidad, y en concreto, de conformidad con la Ley Org\u00e1nica 15\/1999, del 13 de diciembre, de Protecci\u00f3n de Datos de Car\u00e1cter Personal y el Real Decreto 1720\/2007 del 21 de diciembre que la desarrolla, as\u00ed como otras normas complementarias.<\/span><\/p><p class=\"font_8 wixui-rich-text__text\"><span class=\"wixui-rich-text__text\">\u00a0<\/span><\/p><h5 class=\"font_5 wixui-rich-text__text\"><span class=\"wixui-rich-text__text\">2. INDENTIFIZIERUNG DES INHABERS<\/span><\/h5><p class=\"font_8 wixui-rich-text__text\"><span class=\"wixui-rich-text__text\">Nachstehend finden Sie die Angaben zu der Person, die die Website besitzt und f\u00fcr alle Auswirkungen derselben verantwortlich ist:<\/span><\/p><p class=\"font_8 wixui-rich-text__text\"><span class=\"wixui-rich-text__text\">Nuria Sanmart\u00edn Ricart (im Folgenden als  \"Inhaber der Website\" bezeichnet)<\/span><\/p><p class=\"font_8 wixui-rich-text__text\"><span class=\"wixui-rich-text__text\">Ausweisnummer: 52685327D<\/span><\/p><p class=\"font_8 wixui-rich-text__text\"><span class=\"wixui-rich-text__text\">Wohnsitz: C\/ Padre Jes\u00fas Fern\u00e1ndez, 16, pta. 16 \u2013 Quart de Poblet - Valencia <\/span>C\/ Jordi de Sant Jordi 9, Quart de Poblet, Valencia.<br \/><br \/><span class=\"wixui-rich-text__text\">Email:\u00a0<a class=\"wixui-rich-text__text\" href=\"mailto:nuria@interpunct.es\" data-auto-recognition=\"true\">nuria@interpunct.es<\/a><br \/><br \/><\/span><\/p><div class=\"elementor-element elementor-element-c18e892 e-con-full e-flex e-con e-child\" data-id=\"c18e892\" data-element_type=\"container\"><div class=\"elementor-element elementor-element-4695762 elementor-nav-menu--dropdown-none elementor-widget elementor-widget-nav-menu\" data-id=\"4695762\" data-element_type=\"widget\" data-settings=\"{&quot;layout&quot;:&quot;vertical&quot;,&quot;submenu_icon&quot;:{&quot;value&quot;:&quot;&lt;svg aria-hidden=\\&quot;true\\&quot; class=\\&quot;e-font-icon-svg e-fas-caret-down\\&quot; viewBox=\\&quot;0 0 320 512\\&quot; xmlns=\\&quot;http:\\\/\\\/www.w3.org\\\/2000\\\/svg\\&quot;&gt;&lt;path d=\\&quot;M31.3 192h257.3c17.8 0 26.7 21.5 14.1 34.1L174.1 354.8c-7.8 7.8-20.5 7.8-28.3 0L17.2 226.1C4.6 213.5 13.5 192 31.3 192z\\&quot;&gt;&lt;\\\/path&gt;&lt;\\\/svg&gt;&quot;,&quot;library&quot;:&quot;fa-solid&quot;}}\" data-widget_type=\"nav-menu.default\">\u00a0<\/div><\/div><h5 class=\"font_5 wixui-rich-text__text\"><span class=\"wixui-rich-text__text\">3. ZWECK DER DATENVERARBEITUNG<\/span><\/h5><p class=\"font_8 wixui-rich-text__text\"><span class=\"wixui-rich-text__text\">Diese Website sammelt personenbezogene Daten des Nutzers. Dies geschieht entweder automatisch durch dessen Nutzung der Website oder durch die Eingabe von Daten durch den Nutzer. Alle pers\u00f6nlichen Daten werden unter der Verantwortung des Inhabers der Website in einem Archiv gesammelt. Diese Daten sind f\u00fcr folgende Verwendungszwecke bestimmt:<\/span><\/p><p class=\"font_8 wixui-rich-text__text\"><span class=\"wixui-rich-text__text\">\u00a0<\/span><\/p><ul class=\"font_8 wixui-rich-text__text\"><li class=\"wixui-rich-text__text\"><p class=\"font_8 wixui-rich-text__text\"><span class=\"wixui-rich-text__text\">Um Ihren Lebenslauf im Bewerbungsprozess ber\u00fccksichtigen zu k\u00f6nnen<\/span><\/p><\/li><li class=\"wixui-rich-text__text\"><p class=\"font_8 wixui-rich-text__text\"><span class=\"wixui-rich-text__text\">Um Werbemitteilungen (falls dies zu gegebener Zeit ausdr\u00fccklich genehmigt wird) zu versenden, die sich auf angebotene Produkte und Dienstleistungen auf der Website beziehen.<\/span><\/p><\/li><li class=\"wixui-rich-text__text\"><p class=\"font_8 wixui-rich-text__text\"><span class=\"wixui-rich-text__text\">F\u00fcr das Management von Dienstleistungen und Produktbestellungen, die \u00fcber die Website vertraglich vereinbart wurden.<\/span><\/p><\/li><li class=\"wixui-rich-text__text\"><p class=\"font_8 wixui-rich-text__text\"><span class=\"wixui-rich-text__text\">F\u00fcr die Anzeige von Informationen \u00fcber den Nutzer auf seinem Profil auf der Website.<\/span><\/p><\/li><li class=\"wixui-rich-text__text\"><p class=\"font_8 wixui-rich-text__text\"><span class=\"wixui-rich-text__text\">Um den Benutzer zu kontaktieren.<\/span><\/p><\/li><li class=\"wixui-rich-text__text\"><p class=\"font_8 wixui-rich-text__text\"><span class=\"wixui-rich-text__text\">Um die Registrierung als Nutzer der Website durchzuf\u00fchren.<\/span><\/p><\/li><\/ul><p class=\"font_8 wixui-rich-text__text\"><span class=\"wixui-rich-text__text\">\u00a0<\/span><\/p><p class=\"font_8 wixui-rich-text__text\"><span class=\"wixui-rich-text__text\">Bevor Sie uns personenbezogene Daten Dritter zur Verf\u00fcgung stellen, sind Sie dazu verpflichtet, sich zuvor deren Einverst\u00e4ndnis in \u00dcbereinstimmung mit den aktuellen Datenschutzbestimmungen einzuholen.<\/span><\/p><p class=\"font_8 wixui-rich-text__text\"><span class=\"wixui-rich-text__text\">Die pers\u00f6nliche, freiwillige Datenfreigabe des Nutzers beinhaltet, wie an dieser Stelle aufgef\u00fchrt, die ausdr\u00fcckliche Genehmigung zur Verarbeitung der Daten durch den Inhaber der Website.\nF\u00fcr den Fall, dass die vom Nutzer \u00fcbermittelten Daten f\u00fcr andere Zwecke als die hier angegebenen genutzt werden sollen, wird der Nutzer ausdr\u00fccklich um Erlaubnis gebeten.<\/span><\/p><p class=\"font_8 wixui-rich-text__text\"><span class=\"wixui-rich-text__text\">Um weitere Informationen \u00fcber die Verwendung Ihrer personenbezogenen Daten und deren Verwendung zu erhalten, kontaktieren Sie bitte den Inhaber der Website.<\/span><\/p><p class=\"font_8 wixui-rich-text__text\"><span class=\"wixui-rich-text__text\">\u00a0<\/span><\/p><h5 class=\"font_5 wixui-rich-text__text\"><span class=\"wixui-rich-text__text\">4. SICHERHEIT UND KONFORMIT\u00c4T<\/span><\/h5><p class=\"font_8 wixui-rich-text__text\"><span class=\"wixui-rich-text__text\">Der Inhaber der Website verpflichtet sich, die Daten der Benutzer auf angemessene und verantwortungsvolle Weise zu behandeln und alle technischen und organisatorischen Ma\u00dfnahmen zu ergreifen, die von der geltenden Datenschutzgesetzgebung verlangt werden, um den Verlust, die Behandlung oder den unbefugten Zugang zu den Daten zu verhindern.<\/span><\/p><p class=\"font_8 wixui-rich-text__text\"><span class=\"wixui-rich-text__text\">\u00a0<\/span><\/p><h5 class=\"font_5 wixui-rich-text__text\"><span class=\"wixui-rich-text__text\">5. DIENSTLEISTUNGEN DRITTER<\/span><\/h5><p class=\"font_8 wixui-rich-text__text\"><span class=\"wixui-rich-text__text\">Neben dem Inhaber der Website k\u00f6nnen unter bestimmten Umst\u00e4nden auch andere Personen aus dem eigenen Unternehmen oder extern Besch\u00e4ftigte (Anw\u00e4lte, Marketingagenturen, Informatiker, Rechnungspr\u00fcfer, Kommunikationsagenturen ...), auf die Daten zugreifen, um eine angemessene Bereitstellung von Dienstleistungen f\u00fcr den Benutzer zu gew\u00e4hrleisten.<\/span><\/p><p class=\"font_8 wixui-rich-text__text\"><span class=\"wixui-rich-text__text\">\u00a0<\/span><\/p><h5 class=\"font_5 wixui-rich-text__text\"><span class=\"wixui-rich-text__text\">6. RECHTE<\/span><\/h5><p class=\"font_8 wixui-rich-text__text\"><span class=\"wixui-rich-text__text\">Sie k\u00f6nnen Ihr Recht auf Zugang, Berichtigung, L\u00f6schung und Widerspruch aus\u00fcben, indem Sie eine schriftliche Mitteilung zusammen mit einer Kopie Ihres Personalausweises, Reisepasses oder eines anderen g\u00fcltigen Dokuments, das Sie ausweist, unter Angabe Ihres Ersuchens, Ihrer Adresse f\u00fcr die Benachrichtigung, des Datums und Ihrer Unterschrift sowie gegebenenfalls der Unterlagen, die den Antrag belegen, an die Adresse C\/ Concordia, 1, Ort 3, 46930 Quart de Poblet, Valencia, oder per E-Mail an\u00a0<a class=\"wixui-rich-text__text\" href=\"mailto:interpunct@interpunct.es\" data-auto-recognition=\"true\">interpunct@interpunct.es<\/a><\/span><\/p><p class=\"font_8 wixui-rich-text__text\">\u00a0<\/p>\t\t\t\t\t\t\t\t<\/div>\n\t\t\t\t\t<\/div>\n\t\t\t\t<\/div>\n\t\t\t\t<\/div>","protected":false},"excerpt":{"rendered":"<p>1. INFORMACI\u00d3N GENERAL En el presente apartado se describe la pol\u00edtica de privacidad (en adelante denominada \u201cPol\u00edtica de privacidad\u201d) aplicada a sus datos personales en el sitio web\u00a0https:\/\/interpunct.es\u00a0(en adelante, la \u201cWeb\u201d), en cumplimiento de la normativa sobre protecci\u00f3n de la privacidad, y en concreto, de conformidad con la Ley Org\u00e1nica 15\/1999, del 13 de diciembre, [&hellip;]<\/p>\n","protected":false},"author":1,"featured_media":0,"parent":0,"menu_order":0,"comment_status":"closed","ping_status":"closed","template":"","meta":{"footnotes":""},"class_list":["post-57","page","type-page","status-publish","hentry"],"_links":{"self":[{"href":"https:\/\/interpunct.es\/de\/wp-json\/wp\/v2\/pages\/57","targetHints":{"allow":["GET"]}}],"collection":[{"href":"https:\/\/interpunct.es\/de\/wp-json\/wp\/v2\/pages"}],"about":[{"href":"https:\/\/interpunct.es\/de\/wp-json\/wp\/v2\/types\/page"}],"author":[{"embeddable":true,"href":"https:\/\/interpunct.es\/de\/wp-json\/wp\/v2\/users\/1"}],"replies":[{"embeddable":true,"href":"https:\/\/interpunct.es\/de\/wp-json\/wp\/v2\/comments?post=57"}],"version-history":[{"count":10,"href":"https:\/\/interpunct.es\/de\/wp-json\/wp\/v2\/pages\/57\/revisions"}],"predecessor-version":[{"id":660,"href":"https:\/\/interpunct.es\/de\/wp-json\/wp\/v2\/pages\/57\/revisions\/660"}],"wp:attachment":[{"href":"https:\/\/interpunct.es\/de\/wp-json\/wp\/v2\/media?parent=57"}],"curies":[{"name":"wp","href":"https:\/\/api.w.org\/{rel}","templated":true}]}}