{"id":38,"date":"2025-11-11T12:29:31","date_gmt":"2025-11-11T12:29:31","guid":{"rendered":"http:\/\/interpunct.es\/?page_id=38"},"modified":"2026-01-30T20:12:14","modified_gmt":"2026-01-30T20:12:14","slug":"copia-de-05-guia-de-la-academia","status":"publish","type":"page","link":"https:\/\/interpunct.es\/de\/copia-de-05-guia-de-la-academia\/","title":{"rendered":"Rechtlicher Hinweis"},"content":{"rendered":"<div data-elementor-type=\"wp-page\" data-elementor-id=\"38\" class=\"elementor elementor-38\" data-elementor-post-type=\"page\">\n\t\t\t\t<div class=\"elementor-element elementor-element-c08a265 e-flex e-con-boxed e-con e-parent\" data-id=\"c08a265\" data-element_type=\"container\" data-e-type=\"container\">\n\t\t\t\t\t<div class=\"e-con-inner\">\n\t\t\t\t<div class=\"elementor-element elementor-element-202397a elementor-widget elementor-widget-text-editor\" data-id=\"202397a\" data-element_type=\"widget\" data-e-type=\"widget\" data-widget_type=\"text-editor.default\">\n\t\t\t\t\t\t\t\t\t<h5 class=\"font_5 wixui-rich-text__text\"><span class=\"wixui-rich-text__text\">1. ALLGEMEINE INFORMATION<\/span><\/h5><p class=\"font_8 wixui-rich-text__text\"><span class=\"wixui-rich-text__text\">In \u00dcbereinstimmung mit dem Gesetz 34\/2002 vom 11. Juli \u00fcber die Dienste der Informationsgesellschaft und des elektronischen Handels haben wir diesen rechtlichen Hinweis (im Folgenden \"Rechtlicher Hinweis\" genannt) erstellt, um den Zugang und die Nutzung dieser Website\u00a0<a class=\"wixui-rich-text__text\" href=\"https:\/\/interpunct.es\/de\/\" target=\"_blank\" rel=\"noopener\" data-auto-recognition=\"true\">https:\/\/interpunct.es<\/a>\u00a0(im Folgenden \"die Website\" genannt) zu regeln.<\/span><\/p><p class=\"font_8 wixui-rich-text__text\"><span class=\"wixui-rich-text__text\">\u00a0<\/span><\/p><h5 class=\"font_5 wixui-rich-text__text\"><span class=\"wixui-rich-text__text\">2. INDENTIFIZIERUNG DES INHABERS<\/span><\/h5><p class=\"font_8 wixui-rich-text__text\"><span class=\"wixui-rich-text__text\">Nachstehend finden Sie die Angaben zu der Person, die die Website besitzt und f\u00fcr alle Auswirkungen derselben verantwortlich ist:<\/span><\/p><p class=\"font_8 wixui-rich-text__text\"><span class=\"wixui-rich-text__text\">Nuria Sanmart\u00edn Ricart (im Folgenden als  \"Inhaber der Website\" bezeichnet)<\/span><\/p><p class=\"font_8 wixui-rich-text__text\"><span class=\"wixui-rich-text__text\">Ausweisnummer: 52685327D<\/span><\/p><p class=\"font_8 wixui-rich-text__text\"><span class=\"wixui-rich-text__text\">Anschrift: C\/ Jordi de Sant Jordi, 9 - Quart de Poblet \u2013 Valencia, Spanien<\/span><\/p><p class=\"font_8 wixui-rich-text__text\"><span class=\"wixui-rich-text__text\">Email:\u00a0<a class=\"wixui-rich-text__text\" href=\"mailto:nuria@interpunct.es\" data-auto-recognition=\"true\">nuria@interpunct.es<\/a><\/span><\/p><p class=\"font_8 wixui-rich-text__text\"><span class=\"wixui-rich-text__text\">\u00a0<\/span><\/p><h5 class=\"font_5 wixui-rich-text__text\"><span class=\"wixui-rich-text__text\">3. ZUGANG UND NUTZUNG DER WEBSEITE<\/span><\/h5><p class=\"font_8 wixui-rich-text__text\"><span class=\"wixui-rich-text__text\">Der Zugang zur Website und deren Nutzung unterliegen allen Bestimmungen dieses rechtlichen Hinweises, unbeschadet der besonderen Bedingungen, die f\u00fcr bestimmte darin enthaltene Dienste gelten.<\/span><\/p><p class=\"font_8 wixui-rich-text__text\"><span class=\"wixui-rich-text__text\">Der Zugang zur Website und deren Nutzung kennzeichnet den Nutzer der Website als solchen (im Folgenden als \"Nutzer\" bezeichnet) und bedeutet dessen Akzeptanz des gesamten Inhalts des rechtlichen Hinweises in seiner auf der Website ver\u00f6ffentlichten Version zum Zeitpunkt des Zugriffs.<\/span><\/p><p class=\"font_8 wixui-rich-text__text\"><span class=\"wixui-rich-text__text\">\u00a0<\/span><\/p><h5 class=\"font_5 wixui-rich-text__text\"><span class=\"wixui-rich-text__text\">4. AKTUALISIERUNG<\/span><\/h5><p class=\"font_8 wixui-rich-text__text\"><span class=\"wixui-rich-text__text\">Wir behalten uns das Recht vor, die auf der Website enthaltenen Informationen sowie die vorliegenden rechtlichen Hinweise jederzeit und ohne vorherige Ank\u00fcndigung zu \u00e4ndern und zu aktualisieren. Es liegt in der Verantwortung des Nutzers, deren Inhalt bei jedem Zugriff bzw. jeder Nutzung zu \u00fcberpr\u00fcfen.<\/span><\/p><p class=\"font_8 wixui-rich-text__text\"><span class=\"wixui-rich-text__text\">\u00a0<\/span><\/p><h5 class=\"font_5 wixui-rich-text__text\"><span class=\"wixui-rich-text__text\">5. PFLICHTEN DES BENUTZERS<\/span><\/h5><p class=\"font_8 wixui-rich-text__text\"><span class=\"wixui-rich-text__text\">\u00a0<\/span><\/p><h5 class=\"font_5 wixui-rich-text__text\"><span class=\"wixui-rich-text__text\">5.1.\tWahrheitsgem\u00e4\u00dfe Angaben<\/span><\/h5><p class=\"font_8 wixui-rich-text__text\"><span class=\"wixui-rich-text__text\">Der Nutzer erkl\u00e4rt, dass alle Informationen, die er im Rahmen der Nutzung der Website zur Verf\u00fcgung stellt, wahr, vollst\u00e4ndig und korrekt sind und dass er berechtigt ist, diese weiterzugeben.<\/span><\/p><p class=\"font_8 wixui-rich-text__text\"><span class=\"wixui-rich-text__text\">\u00a0<\/span><\/p><h5 class=\"font_5 wixui-rich-text__text\"><span class=\"wixui-rich-text__text\">5.2.\tEinhaltung der Gesetze<\/span><\/h5><p class=\"font_8 wixui-rich-text__text\"><span class=\"wixui-rich-text__text\">Der Nutzer erkl\u00e4rt sich damit einverstanden, die Website in \u00dcbereinstimmung mit der geltenden Gesetzgebung und den Bestimmungen des rechtlichen Hinweises zu nutzen.<\/span><\/p><p class=\"font_8 wixui-rich-text__text\"><span class=\"wixui-rich-text__text\">Der Nutzer verpflichtet sich, die Website nicht f\u00fcr illegale Zwecke zu verwenden, die den Bestimmungen des rechtlichen Hinweises widersprechen oder in irgendeiner Weise die Rechte und Interessen des Inhabers der Website oder Dritter verletzen.<\/span><\/p><p class=\"font_8 wixui-rich-text__text\"><span class=\"wixui-rich-text__text\">Der Nutzer verpflichtet sich, die Website nicht f\u00fcr illegale Zwecke zu verwenden, die den Bestimmungen des rechtlichen Hinweises widersprechen oder in irgendeiner Weise die Rechte und Interessen des Inhabers der Website oder Dritter verletzen.<\/span><\/p><p class=\"font_8 wixui-rich-text__text\"><span class=\"wixui-rich-text__text\">\u00a0<\/span><\/p><h5 class=\"font_5 wixui-rich-text__text\"><span class=\"wixui-rich-text__text\">5.3.\tVerantwortung des Benutzers<\/span><\/h5><p class=\"font_8 wixui-rich-text__text\"><span class=\"wixui-rich-text__text\">Der Nutzer verwendet die Website und deren Inhalte unter seiner alleinigen und ausschlie\u00dflichen Verantwortung.<\/span><\/p><p class=\"font_8 wixui-rich-text__text\"><span class=\"wixui-rich-text__text\">Der Nutzer ist f\u00fcr die Sch\u00e4den jeglicher Art verantwortlich, die dem Inhaber der Website als direkte oder indirekte Folge der Verletzung der vorliegenden rechtlichen Warnung entstehen k\u00f6nnen.<\/span><\/p><p class=\"font_8 wixui-rich-text__text\"><span class=\"wixui-rich-text__text\">\u00a0<\/span><\/p><h5 class=\"font_5 wixui-rich-text__text\"><span class=\"wixui-rich-text__text\">6. EIGENTUMSRECHTE<\/span><\/h5><p class=\"font_8 wixui-rich-text__text\"><span class=\"wixui-rich-text__text\">Alle Inhalte der Website (einschlie\u00dflich Datenbanken, Marken, Logos, Handelsnamen, Bilder, Zeichnungen, Grafiken, Textdateien, Audio- und Videodateien und Software) sind Eigentum des oder der Inhaber der Website mit entsprechender Genehmigung f\u00fcr ihre Nutzung und sind durch geistige und gewerbliche Eigentumsrechte gesch\u00fctzt.<\/span><\/p><p class=\"font_8 wixui-rich-text__text\"><span class=\"wixui-rich-text__text\">\u00a0<\/span><\/p><h5 class=\"font_5 wixui-rich-text__text\"><span class=\"wixui-rich-text__text\">7. INHALTE ANDERER WEBSITEN<\/span><\/h5><p class=\"font_8 wixui-rich-text__text\"><span class=\"wixui-rich-text__text\">Es ist m\u00f6glich, dass die Website den Benutzern Links zu anderen Websites zur Verf\u00fcgung stellt, die von Dritten verwaltet werden. Dies geschieht mittels technischer Vorrichtungen wie Hypertext-Links, Bannern, Schaltfl\u00e4chen und s\u00e4mtlichen anderen Suchwerkzeugen, die dem Nutzer den Zugang zu anderen Websites als der Website oder Websites Dritter erm\u00f6glichen (Im Folgenden als \"Links\" bezeichnet). Die Verwendung von Links bedeutet weder die Annahme, Bef\u00fcrwortung oder Empfehlung der von ihnen angebotenen Inhalte bzw. Dienstleistungen durch den Inhaber der Website, noch bietet sie dem Nutzer irgendeine Garantie. Daher liegt die Navigation zu anderen Websites in der alleinigen Verantwortung des Nutzers. Gleichzeitig wird der Eigent\u00fcmer der Website von jeglicher Verantwortung in Bezug auf die Informationen, Daten, Dateien, Produkte, Dienstleistungen und jegliche Art von Material, das auf den \u00fcber solche Links zug\u00e4nglichen Seiten vorhanden ist, befreit.<\/span><\/p><p class=\"font_8 wixui-rich-text__text\"><span class=\"wixui-rich-text__text\">Ebenso bringen Links zwischen irgendeiner anderen Website und der Website weder eine rechtliche Beziehung zwischen der Website und derjenigen, zu der die Links f\u00fchren mit sich, noch die Kenntnis und Akzeptanz ihrer Existenz und Inhalts durch den Inhaber der Website.<\/span><\/p><p class=\"font_8 wixui-rich-text__text\"><span class=\"wixui-rich-text__text\">\u00a0<\/span><\/p><h5 class=\"font_5 wixui-rich-text__text\"><span class=\"wixui-rich-text__text\">8. HAFTUNGSBESCHR\u00c4NKUNG<\/span><\/h5><p class=\"font_8 wixui-rich-text__text\"><span class=\"wixui-rich-text__text\">In \u00dcbereinstimmung mit der geltenden Gesetzgebung ist der Eigent\u00fcmer der Website von jeglicher Haftung befreit:<\/span><\/p><ol class=\"font_8 wixui-rich-text__text\"><li class=\"wixui-rich-text__text\"><p class=\"font_8 wixui-rich-text__text\"><span class=\"wixui-rich-text__text\">1. Bei Fehlern, Ausf\u00e4llen oder St\u00f6rungen, die bei der \u00dcbertragung und dem Betrieb der Website auftreten k\u00f6nnen und die ihren Ursprung in h\u00f6herer Gewalt oder zuf\u00e4lligen Ursachen haben (z.B. Internetprobleme, Computerfehler, Telefonausf\u00e4lle, Hacker usw.) oder Folge von Missbrauch der Website durch den Nutzer sind.<\/span><\/p><\/li><li class=\"wixui-rich-text__text\"><p class=\"font_8 wixui-rich-text__text\"><span class=\"wixui-rich-text__text\">2. Bei unangemessener Nutzung der Website durch ihre Nutzer, die die Verletzung von geistigen und\/oder gewerblichen Eigentumsrechten oder anderen zivil- oder strafrechtlichen Vergehen nach sich ziehen.<\/span><\/p><\/li><li class=\"wixui-rich-text__text\"><p class=\"font_8 wixui-rich-text__text\"><span class=\"wixui-rich-text__text\">3. Von den Anspr\u00fcchen Dritter, die sich aus der unsachgem\u00e4\u00dfen Nutzung der Website durch den Nutzer ergeben.<\/span><\/p><\/li><li class=\"wixui-rich-text__text\"><p class=\"font_8 wixui-rich-text__text\"><span class=\"wixui-rich-text__text\">4. Von den Handlungen oder Unterlassungen Dritter, unabh\u00e4ngig davon, ob sie eine vertragliche Beziehung mit dem Inhaber der Website unterhalten.<\/span><\/p><\/li><li class=\"wixui-rich-text__text\"><p class=\"font_8 wixui-rich-text__text\"><span class=\"wixui-rich-text__text\">5. Bei Zugriff auf ungeeignete Inhalte \u00fcber die Website und deren Nutzung wie die Freigabe von Daten durch Minderj\u00e4hrige ohne Einverst\u00e4ndnis ihrer Eltern oder Erziehungsberechtigten, da es in der Verantwortung der Eltern oder Erziehungsberechtigten liegt, den Zugriff der sich unter ihrer Aufsicht befindlichen Kinder auf ungeeignete Inhalte zu verhindern.<\/span><\/p><\/li><li class=\"wixui-rich-text__text\"><p class=\"font_8 wixui-rich-text__text\"><span class=\"wixui-rich-text__text\">6. Von m\u00f6glichen auf der Website ver\u00f6ffentlichten Fehlern oder veralteten Inhalten.<\/span><\/p><\/li><li class=\"wixui-rich-text__text\"><p class=\"font_8 wixui-rich-text__text\"><span class=\"wixui-rich-text__text\">7. Von unpr\u00e4zisen, unrichtigen oder unvollst\u00e4ndigen Daten, die vom Nutzer angegeben wurden und die die \u00dcbertragung der vertraglich vereinbarten Produkte oder Dienstleistungen und\/oder den Kontakt mit dem Benutzer verhindern.<\/span><\/p><\/li><\/ol><p class=\"font_8 wixui-rich-text__text\"><span class=\"wixui-rich-text__text\">\u00a0<\/span><\/p><h5 class=\"font_5 wixui-rich-text__text\"><span class=\"wixui-rich-text__text\">9. NICHTIGKEIT UND INEFFIZIENZ<\/span><\/h5><p class=\"font_8 wixui-rich-text__text\"><span class=\"wixui-rich-text__text\">Sollte eine Klausel dieses rechtlichen Hinweises ganz oder teilweise f\u00fcr nichtig erkl\u00e4rt werden, so betrifft diese Nichtigkeit nur diejenige Bestimmung, die nichtig oder unwirksam ist, ohne die \u00fcbrigen Klauseln zu ber\u00fchren.<\/span><\/p><p class=\"font_8 wixui-rich-text__text\"><span class=\"wixui-rich-text__text\">\u00a0<\/span><\/p><h5 class=\"font_5 wixui-rich-text__text\"><span class=\"wixui-rich-text__text\">10. GELTENDES RECHT<\/span><\/h5><p class=\"font_8 wixui-rich-text__text\"><span class=\"wixui-rich-text__text\">Dieser Rechtshinweis sowie jegliche Beziehung, die zwischen dem Nutzer und dem Inhaber der Website durch den Zugang und die Nutzung der Website entstehen kann, wird in \u00dcbereinstimmung mit dem spanischen Recht ausgelegt und geregelt.<\/span><\/p><p class=\"font_8 wixui-rich-text__text\">\u00a0<\/p>\t\t\t\t\t\t\t\t<\/div>\n\t\t\t\t\t<\/div>\n\t\t\t\t<\/div>\n\t\t\t\t<\/div>","protected":false},"excerpt":{"rendered":"<p>1. INFORMACI\u00d3N GENERAL En cumplimiento de la Ley 34\/2002 del 11 de julio de Servicios de la Sociedad de la Informaci\u00f3n y del Comercio Electr\u00f3nico, hemos elaborado el presente aviso legal (en adelante denominado, \u201cAviso legal\u201d) con el fin de regular el acceso y uso al presente sitio web\u00a0https:\/\/interpunct.es\u00a0(en adelante, \u201cla Web\u201d). \u00a0 2. DATOS [&hellip;]<\/p>\n","protected":false},"author":1,"featured_media":0,"parent":0,"menu_order":0,"comment_status":"closed","ping_status":"closed","template":"","meta":{"footnotes":""},"class_list":["post-38","page","type-page","status-publish","hentry"],"_links":{"self":[{"href":"https:\/\/interpunct.es\/de\/wp-json\/wp\/v2\/pages\/38","targetHints":{"allow":["GET"]}}],"collection":[{"href":"https:\/\/interpunct.es\/de\/wp-json\/wp\/v2\/pages"}],"about":[{"href":"https:\/\/interpunct.es\/de\/wp-json\/wp\/v2\/types\/page"}],"author":[{"embeddable":true,"href":"https:\/\/interpunct.es\/de\/wp-json\/wp\/v2\/users\/1"}],"replies":[{"embeddable":true,"href":"https:\/\/interpunct.es\/de\/wp-json\/wp\/v2\/comments?post=38"}],"version-history":[{"count":10,"href":"https:\/\/interpunct.es\/de\/wp-json\/wp\/v2\/pages\/38\/revisions"}],"predecessor-version":[{"id":657,"href":"https:\/\/interpunct.es\/de\/wp-json\/wp\/v2\/pages\/38\/revisions\/657"}],"wp:attachment":[{"href":"https:\/\/interpunct.es\/de\/wp-json\/wp\/v2\/media?parent=38"}],"curies":[{"name":"wp","href":"https:\/\/api.w.org\/{rel}","templated":true}]}}