{"id":329,"date":"2025-11-17T12:25:59","date_gmt":"2025-11-17T12:25:59","guid":{"rendered":"http:\/\/interpunct.es\/?page_id=329"},"modified":"2025-11-27T19:56:59","modified_gmt":"2025-11-27T19:56:59","slug":"traduccion-audiovisual","status":"publish","type":"page","link":"https:\/\/interpunct.es\/de\/traduccion-audiovisual\/","title":{"rendered":"Audiovisuelle \u00dcbersetzung"},"content":{"rendered":"<div data-elementor-type=\"wp-page\" data-elementor-id=\"329\" class=\"elementor elementor-329\" data-elementor-post-type=\"page\">\n\t\t\t\t<div class=\"elementor-element elementor-element-e3a610f e-flex e-con-boxed e-con e-parent\" data-id=\"e3a610f\" data-element_type=\"container\" data-e-type=\"container\" data-settings=\"{&quot;background_background&quot;:&quot;classic&quot;}\">\n\t\t\t\t\t<div class=\"e-con-inner\">\n\t\t<div class=\"elementor-element elementor-element-f733e17 e-con-full e-flex e-con e-child\" data-id=\"f733e17\" data-element_type=\"container\" data-e-type=\"container\">\n\t\t\t\t<div class=\"elementor-element elementor-element-83a9552 elementor-widget elementor-widget-heading\" data-id=\"83a9552\" data-element_type=\"widget\" data-e-type=\"widget\" data-widget_type=\"heading.default\">\n\t\t\t\t\t<h2 class=\"elementor-heading-title elementor-size-default\">Synchronisation, Untertitelung\nund \u00dcbersetzung von Liedern<\/h2>\t\t\t\t<\/div>\n\t\t\t\t<\/div>\n\t\t<div class=\"elementor-element elementor-element-b4f1598 e-con-full e-flex e-con e-child\" data-id=\"b4f1598\" data-element_type=\"container\" data-e-type=\"container\">\n\t\t<div class=\"elementor-element elementor-element-7d8b4e9 e-con-full e-flex e-con e-child\" data-id=\"7d8b4e9\" data-element_type=\"container\" data-e-type=\"container\">\n\t\t\t\t<\/div>\n\t\t\t\t<\/div>\n\t\t\t\t\t<\/div>\n\t\t\t\t<\/div>\n\t\t<div class=\"elementor-element elementor-element-26842ff e-flex e-con-boxed e-con e-parent\" data-id=\"26842ff\" data-element_type=\"container\" data-e-type=\"container\" data-settings=\"{&quot;background_background&quot;:&quot;classic&quot;}\">\n\t\t\t\t\t<div class=\"e-con-inner\">\n\t\t\t\t<div class=\"elementor-element elementor-element-7062f3d elementor-widget__width-initial elementor-widget elementor-widget-text-editor\" data-id=\"7062f3d\" data-element_type=\"widget\" data-e-type=\"widget\" data-widget_type=\"text-editor.default\">\n\t\t\t\t\t\t\t\t\t<p class=\"font_7 wixui-rich-text__text\"><span class=\"wixui-rich-text__text\">Seit seiner Gr\u00fcndung ist Interpunct auf audiovisuelle \u00dcbersetzungen \u2013 im Bereich der Untertitelung wie auch der Synchronisation \u2013 spezialisiert.<br \/><br \/><\/span><span class=\"wixui-rich-text__text\">Wir arbeiten mit Studios und Sendern auf Landes- und regionaler Ebene zusammen und \u00fcbersetzen, untertiteln und adaptieren Filme und Serien \u2013 einschlie\u00dflich Liedern \u2013 f\u00fcr die Synchronisation.<\/span><\/p>\t\t\t\t\t\t\t\t<\/div>\n\t\t\t\t\t<\/div>\n\t\t\t\t<\/div>\n\t\t<div class=\"elementor-element elementor-element-681b345 e-flex e-con-boxed e-con e-parent\" data-id=\"681b345\" data-element_type=\"container\" data-e-type=\"container\" data-settings=\"{&quot;background_background&quot;:&quot;classic&quot;}\">\n\t\t\t\t\t<div class=\"e-con-inner\">\n\t\t<div class=\"elementor-element elementor-element-f769d7c e-con-full animated-slow e-flex elementor-invisible e-con e-child\" data-id=\"f769d7c\" data-element_type=\"container\" data-e-type=\"container\" data-settings=\"{&quot;background_background&quot;:&quot;classic&quot;,&quot;animation&quot;:&quot;fadeInLeft&quot;}\">\n\t\t\t\t<div class=\"elementor-element elementor-element-aaa1797 elementor-widget elementor-widget-heading\" data-id=\"aaa1797\" data-element_type=\"widget\" data-e-type=\"widget\" data-widget_type=\"heading.default\">\n\t\t\t\t\t<h2 class=\"elementor-heading-title elementor-size-default\">Synchronisation<\/h2>\t\t\t\t<\/div>\n\t\t\t\t<div class=\"elementor-element elementor-element-1d320bb elementor-widget elementor-widget-text-editor\" data-id=\"1d320bb\" data-element_type=\"widget\" data-e-type=\"widget\" data-widget_type=\"text-editor.default\">\n\t\t\t\t\t\t\t\t\t<p>Zu unseren \u00dcbersetzungsdiensten f\u00fcr die Synchronisation geh\u00f6ren auch die Erstellung von Dialogb\u00fcchern und die Anpassung der Texte an die Lippenbewegungen der Figuren. So liefern wir das fertige Skript, das direkt ins Tonstudio geht, wo Synchronsprecher:innen den Figuren ihre Stimmen verleihen.<br class=\"wixui-rich-text__text\" \/>Seit 2009 haben wir Hunderte von Kurzfilmen, Sendungen, Serien, Spiel- und Animationsfilmen f\u00fcr Erwachsene wie auch f\u00fcr Kinder \u00fcbersetzt.<\/p>\t\t\t\t\t\t\t\t<\/div>\n\t\t\t\t<\/div>\n\t\t<div class=\"elementor-element elementor-element-57b1940 e-con-full elementor-hidden-mobile e-flex e-con e-child\" data-id=\"57b1940\" data-element_type=\"container\" data-e-type=\"container\">\n\t\t\t\t<\/div>\n\t\t\t\t\t<\/div>\n\t\t\t\t<\/div>\n\t\t<div class=\"elementor-element elementor-element-a69e8c7 e-flex e-con-boxed e-con e-parent\" data-id=\"a69e8c7\" data-element_type=\"container\" data-e-type=\"container\" data-settings=\"{&quot;background_background&quot;:&quot;classic&quot;}\">\n\t\t\t\t\t<div class=\"e-con-inner\">\n\t\t<div class=\"elementor-element elementor-element-f8175cb e-con-full animated-slow e-flex elementor-invisible e-con e-child\" data-id=\"f8175cb\" data-element_type=\"container\" data-e-type=\"container\" data-settings=\"{&quot;background_background&quot;:&quot;classic&quot;,&quot;animation&quot;:&quot;fadeInRight&quot;}\">\n\t\t\t\t<div class=\"elementor-element elementor-element-b36265d elementor-widget elementor-widget-heading\" data-id=\"b36265d\" data-element_type=\"widget\" data-e-type=\"widget\" data-widget_type=\"heading.default\">\n\t\t\t\t\t<h2 class=\"elementor-heading-title elementor-size-default\">Untertitelung<\/h2>\t\t\t\t<\/div>\n\t\t\t\t<div class=\"elementor-element elementor-element-bdb701e elementor-widget elementor-widget-text-editor\" data-id=\"bdb701e\" data-element_type=\"widget\" data-e-type=\"widget\" data-widget_type=\"text-editor.default\">\n\t\t\t\t\t\t\t\t\t<p>Gute Untertitel sind an die f\u00fcr die Zuschauer:innen angemessene Lesegeschwindigkeit angepasst, denn zu schnell oder zu langsam eingeblendete Untertitel beeintr\u00e4chtigen das Zuschauererlebnis. Neben der Lesegeschwindigkeit ber\u00fccksichtigen wir bei der Aufteilung der Texte auch Faktoren wie die Filmeinstellungen und das Tempo der Dialoge.\u00a0<\/p>\t\t\t\t\t\t\t\t<\/div>\n\t\t\t\t<\/div>\n\t\t<div class=\"elementor-element elementor-element-634258d e-con-full elementor-hidden-mobile e-flex e-con e-child\" data-id=\"634258d\" data-element_type=\"container\" data-e-type=\"container\">\n\t\t\t\t<\/div>\n\t\t\t\t\t<\/div>\n\t\t\t\t<\/div>\n\t\t<div class=\"elementor-element elementor-element-ca0a370 e-flex e-con-boxed e-con e-parent\" data-id=\"ca0a370\" data-element_type=\"container\" data-e-type=\"container\" data-settings=\"{&quot;background_background&quot;:&quot;classic&quot;}\">\n\t\t\t\t\t<div class=\"e-con-inner\">\n\t\t<div class=\"elementor-element elementor-element-6612e3e e-con-full animated-slow e-flex elementor-invisible e-con e-child\" data-id=\"6612e3e\" data-element_type=\"container\" data-e-type=\"container\" data-settings=\"{&quot;background_background&quot;:&quot;classic&quot;,&quot;animation&quot;:&quot;fadeInLeft&quot;}\">\n\t\t\t\t<div class=\"elementor-element elementor-element-b018203 elementor-widget elementor-widget-heading\" data-id=\"b018203\" data-element_type=\"widget\" data-e-type=\"widget\" data-widget_type=\"heading.default\">\n\t\t\t\t\t<h2 class=\"elementor-heading-title elementor-size-default\">Songtexter<\/h2>\t\t\t\t<\/div>\n\t\t\t\t<div class=\"elementor-element elementor-element-4897493 elementor-widget elementor-widget-text-editor\" data-id=\"4897493\" data-element_type=\"widget\" data-e-type=\"widget\" data-widget_type=\"text-editor.default\">\n\t\t\t\t\t\t\t\t\t<p class=\"font_8 wixui-rich-text__text\"><span class=\"wixui-rich-text__text\">Viele der von uns \u00fcbersetzten Serien enthalten Lieder, die ebenfalls \u00fcbersetzt und angepasst werden m\u00fcssen. Das erfordert viel Kreativit\u00e4t und Geschick, damit sich die Songtexte reimen und auch in der Zielsprache gut klingen.<\/span><\/p><p class=\"font_8 wixui-rich-text__text\"><span class=\"wixui-rich-text__text\">Au\u00dferdem m\u00fcssen die Texter:innen \u00fcber Musikkenntnisse verf\u00fcgen, damit der \u00fcbersetzte Song eing\u00e4ngig ist und die gleiche Wirkung erzielt wie die Originalversion.<\/span><\/p>\t\t\t\t\t\t\t\t<\/div>\n\t\t\t\t<\/div>\n\t\t<div class=\"elementor-element elementor-element-509ceb5 e-con-full e-flex e-con e-child\" data-id=\"509ceb5\" data-element_type=\"container\" data-e-type=\"container\">\n\t\t\t\t<\/div>\n\t\t\t\t\t<\/div>\n\t\t\t\t<\/div>\n\t\t<div class=\"elementor-element elementor-element-c5301cc e-flex e-con-boxed e-con e-parent\" data-id=\"c5301cc\" data-element_type=\"container\" data-e-type=\"container\" id=\"servicios\" data-settings=\"{&quot;background_background&quot;:&quot;classic&quot;}\">\n\t\t\t\t\t<div class=\"e-con-inner\">\n\t\t\t\t<div class=\"elementor-element elementor-element-cd8ec99 elementor-widget elementor-widget-heading\" data-id=\"cd8ec99\" data-element_type=\"widget\" data-e-type=\"widget\" data-widget_type=\"heading.default\">\n\t\t\t\t\t<h2 class=\"elementor-heading-title elementor-size-default\">Weitere Leistungen<\/h2>\t\t\t\t<\/div>\n\t\t\t\t\t<\/div>\n\t\t\t\t<\/div>\n\t\t<div class=\"elementor-element elementor-element-fe730e5 e-flex e-con-boxed e-con e-parent\" data-id=\"fe730e5\" data-element_type=\"container\" data-e-type=\"container\" data-settings=\"{&quot;background_background&quot;:&quot;classic&quot;}\">\n\t\t\t\t\t<div class=\"e-con-inner\">\n\t\t<div class=\"elementor-element elementor-element-d73c181 e-con-full animated-slow e-flex elementor-invisible e-con e-child\" data-id=\"d73c181\" data-element_type=\"container\" data-e-type=\"container\" data-settings=\"{&quot;background_background&quot;:&quot;classic&quot;,&quot;animation&quot;:&quot;fadeInUp&quot;}\">\n\t\t<div class=\"elementor-element elementor-element-1f7f5b2 e-con-full e-flex e-con e-child\" data-id=\"1f7f5b2\" data-element_type=\"container\" data-e-type=\"container\" data-settings=\"{&quot;background_background&quot;:&quot;classic&quot;}\">\n\t\t\t\t<div class=\"elementor-element elementor-element-f0dabff elementor-widget elementor-widget-text-editor\" data-id=\"f0dabff\" data-element_type=\"widget\" data-e-type=\"widget\" data-widget_type=\"text-editor.default\">\n\t\t\t\t\t\t\t\t\t<p data-start=\"1331\" data-end=\"1438\">Wir sind Referenz in Valencia<\/p>\t\t\t\t\t\t\t\t<\/div>\n\t\t\t\t<\/div>\n\t\t\t\t<div class=\"elementor-element elementor-element-40f6865 elementor-widget elementor-widget-image\" data-id=\"40f6865\" data-element_type=\"widget\" data-e-type=\"widget\" data-widget_type=\"image.default\">\n\t\t\t\t\t\t\t\t\t\t\t\t\t\t\t<img fetchpriority=\"high\" decoding=\"async\" width=\"300\" height=\"230\" src=\"https:\/\/interpunct.es\/wp-content\/uploads\/2025\/11\/10.png\" class=\"attachment-full size-full wp-image-224\" alt=\"\" \/>\t\t\t\t\t\t\t\t\t\t\t\t\t\t\t<\/div>\n\t\t\t\t<div class=\"elementor-element elementor-element-12fb530 elementor-widget__width-initial elementor-widget elementor-widget-heading\" data-id=\"12fb530\" data-element_type=\"widget\" data-e-type=\"widget\" data-widget_type=\"heading.default\">\n\t\t\t\t\t<h2 class=\"elementor-heading-title elementor-size-default\">Audiovisuelle Barrierefreiheit<\/h2>\t\t\t\t<\/div>\n\t\t\t\t<div class=\"elementor-element elementor-element-555f5c0 elementor-widget elementor-widget-text-editor\" data-id=\"555f5c0\" data-element_type=\"widget\" data-e-type=\"widget\" data-widget_type=\"text-editor.default\">\n\t\t\t\t\t\t\t\t\t<p data-start=\"1331\" data-end=\"1438\">Untertitel f\u00fcr Geh\u00f6rlose und Audiodeskription f\u00fcr Blinde.<\/p>\t\t\t\t\t\t\t\t<\/div>\n\t\t\t\t<div class=\"elementor-element elementor-element-5f79032 elementor-widget elementor-widget-button\" data-id=\"5f79032\" data-element_type=\"widget\" data-e-type=\"widget\" data-widget_type=\"button.default\">\n\t\t\t\t\t\t\t\t\t\t<a class=\"elementor-button elementor-button-link elementor-size-sm elementor-animation-float\" href=\"http:\/\/interpunct.es\/de\/copia-de-04-traduccion-audiovisual-ac\/\">\n\t\t\t\t\t\t<span class=\"elementor-button-content-wrapper\">\n\t\t\t\t\t\t<span class=\"elementor-button-icon\">\n\t\t\t\t<svg aria-hidden=\"true\" class=\"e-font-icon-svg e-fas-long-arrow-alt-right\" viewbox=\"0 0 448 512\" xmlns=\"http:\/\/www.w3.org\/2000\/svg\"><path d=\"M313.941 216H12c-6.627 0-12 5.373-12 12v56c0 6.627 5.373 12 12 12h301.941v46.059c0 21.382 25.851 32.09 40.971 16.971l86.059-86.059c9.373-9.373 9.373-24.569 0-33.941l-86.059-86.059c-15.119-15.119-40.971-4.411-40.971 16.971V216z\"><\/path><\/svg>\t\t\t<\/span>\n\t\t\t\t\t\t\t\t\t<span class=\"elementor-button-text\">Mehr sehen<\/span>\n\t\t\t\t\t<\/span>\n\t\t\t\t\t<\/a>\n\t\t\t\t\t\t\t\t<\/div>\n\t\t\t\t<\/div>\n\t\t<div class=\"elementor-element elementor-element-426c1eb e-con-full animated-slow e-flex elementor-invisible e-con e-child\" data-id=\"426c1eb\" data-element_type=\"container\" data-e-type=\"container\" data-settings=\"{&quot;background_background&quot;:&quot;classic&quot;,&quot;animation&quot;:&quot;fadeInDown&quot;}\">\n\t\t<div class=\"elementor-element elementor-element-eebb252 e-con-full e-flex e-con e-child\" data-id=\"eebb252\" data-element_type=\"container\" data-e-type=\"container\">\n\t\t\t\t<div class=\"elementor-element elementor-element-47b1f1d elementor-widget elementor-widget-spacer\" data-id=\"47b1f1d\" data-element_type=\"widget\" data-e-type=\"widget\" data-widget_type=\"spacer.default\">\n\t\t\t\t\t\t\t<div class=\"elementor-spacer\">\n\t\t\t<div class=\"elementor-spacer-inner\"><\/div>\n\t\t<\/div>\n\t\t\t\t\t\t<\/div>\n\t\t\t\t<\/div>\n\t\t\t\t<div class=\"elementor-element elementor-element-68e6ff8 elementor-widget elementor-widget-image\" data-id=\"68e6ff8\" data-element_type=\"widget\" data-e-type=\"widget\" data-widget_type=\"image.default\">\n\t\t\t\t\t\t\t\t\t\t\t\t\t\t\t<img decoding=\"async\" width=\"300\" height=\"230\" src=\"https:\/\/interpunct.es\/wp-content\/uploads\/2025\/11\/DV.png\" class=\"attachment-full size-full wp-image-250\" alt=\"\" \/>\t\t\t\t\t\t\t\t\t\t\t\t\t\t\t<\/div>\n\t\t\t\t<div class=\"elementor-element elementor-element-4eab5cc elementor-widget__width-initial elementor-widget elementor-widget-heading\" data-id=\"4eab5cc\" data-element_type=\"widget\" data-e-type=\"widget\" data-widget_type=\"heading.default\">\n\t\t\t\t\t<h2 class=\"elementor-heading-title elementor-size-default\">Fach\u00fcbersetzungen<\/h2>\t\t\t\t<\/div>\n\t\t\t\t<div class=\"elementor-element elementor-element-181ebc7 elementor-widget elementor-widget-text-editor\" data-id=\"181ebc7\" data-element_type=\"widget\" data-e-type=\"widget\" data-widget_type=\"text-editor.default\">\n\t\t\t\t\t\t\t\t\t<p data-start=\"2361\" data-end=\"2442\">Handb\u00fccher, Fachdokumentationen und Unternehmenstexte.<\/p>\t\t\t\t\t\t\t\t<\/div>\n\t\t\t\t<div class=\"elementor-element elementor-element-806e2da elementor-widget elementor-widget-button\" data-id=\"806e2da\" data-element_type=\"widget\" data-e-type=\"widget\" data-widget_type=\"button.default\">\n\t\t\t\t\t\t\t\t\t\t<a class=\"elementor-button elementor-button-link elementor-size-sm elementor-animation-float\" href=\"http:\/\/interpunct.es\/de\/traduccion-tecnica\/\">\n\t\t\t\t\t\t<span class=\"elementor-button-content-wrapper\">\n\t\t\t\t\t\t<span class=\"elementor-button-icon\">\n\t\t\t\t<svg aria-hidden=\"true\" class=\"e-font-icon-svg e-fas-long-arrow-alt-right\" viewbox=\"0 0 448 512\" xmlns=\"http:\/\/www.w3.org\/2000\/svg\"><path d=\"M313.941 216H12c-6.627 0-12 5.373-12 12v56c0 6.627 5.373 12 12 12h301.941v46.059c0 21.382 25.851 32.09 40.971 16.971l86.059-86.059c9.373-9.373 9.373-24.569 0-33.941l-86.059-86.059c-15.119-15.119-40.971-4.411-40.971 16.971V216z\"><\/path><\/svg>\t\t\t<\/span>\n\t\t\t\t\t\t\t\t\t<span class=\"elementor-button-text\">Mehr sehen<\/span>\n\t\t\t\t\t<\/span>\n\t\t\t\t\t<\/a>\n\t\t\t\t\t\t\t\t<\/div>\n\t\t\t\t<\/div>\n\t\t<div class=\"elementor-element elementor-element-52d19df e-con-full animated-slow e-flex elementor-invisible e-con e-child\" data-id=\"52d19df\" data-element_type=\"container\" data-e-type=\"container\" data-settings=\"{&quot;background_background&quot;:&quot;classic&quot;,&quot;animation&quot;:&quot;fadeInUp&quot;}\">\n\t\t<div class=\"elementor-element elementor-element-ff97701 e-con-full e-flex e-con e-child\" data-id=\"ff97701\" data-element_type=\"container\" data-e-type=\"container\" data-settings=\"{&quot;background_background&quot;:&quot;classic&quot;}\">\n\t\t\t\t<div class=\"elementor-element elementor-element-1a50e16 elementor-widget elementor-widget-text-editor\" data-id=\"1a50e16\" data-element_type=\"widget\" data-e-type=\"widget\" data-widget_type=\"text-editor.default\">\n\t\t\t\t\t\t\t\t\t<p data-start=\"1331\" data-end=\"1438\">Garantierte Rechtsg\u00fcltigkeit<\/p>\t\t\t\t\t\t\t\t<\/div>\n\t\t\t\t<\/div>\n\t\t\t\t<div class=\"elementor-element elementor-element-54c8bf6 elementor-widget elementor-widget-image\" data-id=\"54c8bf6\" data-element_type=\"widget\" data-e-type=\"widget\" data-widget_type=\"image.default\">\n\t\t\t\t\t\t\t\t\t\t\t\t\t\t\t<img decoding=\"async\" width=\"300\" height=\"230\" src=\"https:\/\/interpunct.es\/wp-content\/uploads\/2025\/11\/8.png\" class=\"attachment-full size-full wp-image-222\" alt=\"\" \/>\t\t\t\t\t\t\t\t\t\t\t\t\t\t\t<\/div>\n\t\t\t\t<div class=\"elementor-element elementor-element-c39afd1 elementor-widget__width-initial elementor-widget elementor-widget-heading\" data-id=\"c39afd1\" data-element_type=\"widget\" data-e-type=\"widget\" data-widget_type=\"heading.default\">\n\t\t\t\t\t<h2 class=\"elementor-heading-title elementor-size-default\">Beglaubigte \u00dcbersetzungen und juristische \u00dcbersetzungen<\/h2>\t\t\t\t<\/div>\n\t\t\t\t<div class=\"elementor-element elementor-element-d52d368 elementor-widget elementor-widget-text-editor\" data-id=\"d52d368\" data-element_type=\"widget\" data-e-type=\"widget\" data-widget_type=\"text-editor.default\">\n\t\t\t\t\t\t\t\t\t<p data-start=\"1197\" data-end=\"1329\">Beglaubigte \u00dcbersetzungen aus dem Deutschen, Englischen und anderen Sprachen durch vereidigte \u00dcbersetzer.<\/p>\t\t\t\t\t\t\t\t<\/div>\n\t\t\t\t<div class=\"elementor-element elementor-element-99c7611 elementor-widget elementor-widget-button\" data-id=\"99c7611\" data-element_type=\"widget\" data-e-type=\"widget\" data-widget_type=\"button.default\">\n\t\t\t\t\t\t\t\t\t\t<a class=\"elementor-button elementor-button-link elementor-size-sm elementor-animation-float\" href=\"http:\/\/interpunct.es\/de\/traduccion-juridica\/\">\n\t\t\t\t\t\t<span class=\"elementor-button-content-wrapper\">\n\t\t\t\t\t\t<span class=\"elementor-button-icon\">\n\t\t\t\t<svg aria-hidden=\"true\" class=\"e-font-icon-svg e-fas-long-arrow-alt-right\" viewbox=\"0 0 448 512\" xmlns=\"http:\/\/www.w3.org\/2000\/svg\"><path d=\"M313.941 216H12c-6.627 0-12 5.373-12 12v56c0 6.627 5.373 12 12 12h301.941v46.059c0 21.382 25.851 32.09 40.971 16.971l86.059-86.059c9.373-9.373 9.373-24.569 0-33.941l-86.059-86.059c-15.119-15.119-40.971-4.411-40.971 16.971V216z\"><\/path><\/svg>\t\t\t<\/span>\n\t\t\t\t\t\t\t\t\t<span class=\"elementor-button-text\">Mehr sehen<\/span>\n\t\t\t\t\t<\/span>\n\t\t\t\t\t<\/a>\n\t\t\t\t\t\t\t\t<\/div>\n\t\t\t\t<\/div>\n\t\t\t\t\t<\/div>\n\t\t\t\t<\/div>\n\t\t<div class=\"elementor-element elementor-element-c59ad8d e-flex e-con-boxed e-con e-parent\" data-id=\"c59ad8d\" data-element_type=\"container\" data-e-type=\"container\" data-settings=\"{&quot;background_background&quot;:&quot;classic&quot;}\">\n\t\t\t\t\t<div class=\"e-con-inner\">\n\t\t\t\t<div class=\"elementor-element elementor-element-1a2285a elementor-widget__width-initial elementor-widget elementor-widget-heading\" data-id=\"1a2285a\" data-element_type=\"widget\" data-e-type=\"widget\" data-widget_type=\"heading.default\">\n\t\t\t\t\t<h2 class=\"elementor-heading-title elementor-size-default\">Sie ben\u00f6tigen eine \u00dcbersetzung oder eine barrierefreie Dienstleistung?<\/h2>\t\t\t\t<\/div>\n\t\t\t\t<div class=\"elementor-element elementor-element-46c6a05 elementor-widget elementor-widget-button\" data-id=\"46c6a05\" data-element_type=\"widget\" data-e-type=\"widget\" data-widget_type=\"button.default\">\n\t\t\t\t\t\t\t\t\t\t<a class=\"elementor-button elementor-button-link elementor-size-sm elementor-animation-shrink\" href=\"http:\/\/interpunct.es\/de\/presupuesto\/\">\n\t\t\t\t\t\t<span class=\"elementor-button-content-wrapper\">\n\t\t\t\t\t\t\t\t\t<span class=\"elementor-button-text\">Kostenvoranschlag anfordern<\/span>\n\t\t\t\t\t<\/span>\n\t\t\t\t\t<\/a>\n\t\t\t\t\t\t\t\t<\/div>\n\t\t\t\t\t<\/div>\n\t\t\t\t<\/div>\n\t\t\t\t<\/div>","protected":false},"excerpt":{"rendered":"<p>Doblaje, subtitulaci\u00f3n y traducci\u00f3n de canciones Desde sus inicios, Interpunct est\u00e1 especializada en la traducci\u00f3n audiovisual tanto en el \u00e1mbito de la subtitulaci\u00f3n como en el del doblaje. Trabajamos con estudios y cadenas nacionales y auton\u00f3micas traduciendo, subtitulando y adaptando para doblaje pel\u00edculas y series, incluidas las canciones. Doblaje Dentro del servicio de traducci\u00f3n para [&hellip;]<\/p>\n","protected":false},"author":1,"featured_media":0,"parent":0,"menu_order":0,"comment_status":"closed","ping_status":"closed","template":"","meta":{"footnotes":""},"class_list":["post-329","page","type-page","status-publish","hentry"],"_links":{"self":[{"href":"https:\/\/interpunct.es\/de\/wp-json\/wp\/v2\/pages\/329","targetHints":{"allow":["GET"]}}],"collection":[{"href":"https:\/\/interpunct.es\/de\/wp-json\/wp\/v2\/pages"}],"about":[{"href":"https:\/\/interpunct.es\/de\/wp-json\/wp\/v2\/types\/page"}],"author":[{"embeddable":true,"href":"https:\/\/interpunct.es\/de\/wp-json\/wp\/v2\/users\/1"}],"replies":[{"embeddable":true,"href":"https:\/\/interpunct.es\/de\/wp-json\/wp\/v2\/comments?post=329"}],"version-history":[{"count":22,"href":"https:\/\/interpunct.es\/de\/wp-json\/wp\/v2\/pages\/329\/revisions"}],"predecessor-version":[{"id":485,"href":"https:\/\/interpunct.es\/de\/wp-json\/wp\/v2\/pages\/329\/revisions\/485"}],"wp:attachment":[{"href":"https:\/\/interpunct.es\/de\/wp-json\/wp\/v2\/media?parent=329"}],"curies":[{"name":"wp","href":"https:\/\/api.w.org\/{rel}","templated":true}]}}