{"id":62,"date":"2025-11-11T14:34:07","date_gmt":"2025-11-11T14:34:07","guid":{"rendered":"http:\/\/interpunct.es\/?page_id=62"},"modified":"2025-11-27T19:23:58","modified_gmt":"2025-11-27T19:23:58","slug":"copia-de-politica-de-privacidad","status":"publish","type":"page","link":"https:\/\/interpunct.es\/ca\/copia-de-politica-de-privacidad\/","title":{"rendered":"Pol\u00edtica de Cookies"},"content":{"rendered":"<div data-elementor-type=\"wp-page\" data-elementor-id=\"62\" class=\"elementor elementor-62\" data-elementor-post-type=\"page\">\n\t\t\t\t<div class=\"elementor-element elementor-element-c08a265 e-flex e-con-boxed e-con e-parent\" data-id=\"c08a265\" data-element_type=\"container\" data-e-type=\"container\">\n\t\t\t\t\t<div class=\"e-con-inner\">\n\t\t\t\t<div class=\"elementor-element elementor-element-202397a elementor-widget elementor-widget-text-editor\" data-id=\"202397a\" data-element_type=\"widget\" data-e-type=\"widget\" data-widget_type=\"text-editor.default\">\n\t\t\t\t\t\t\t\t\t<p class=\"font_8 wixui-rich-text__text\"><span class=\"wixui-rich-text__text\">\u00a01. INTRODUCCI\u00d3<\/span><\/p><p class=\"font_8 wixui-rich-text__text\"><span class=\"wixui-rich-text__text\">La present Pol\u00edtica de cookies t\u00e9 com a finalitat informar-lo de qu\u00e8 s\u00f3n i per qu\u00e8 utilitzem cookies en la nostra web\u00a0<a class=\"wixui-rich-text__text\" href=\"https:\/\/interpunct.es\/ca\/\" target=\"_blank\" rel=\"noopener\" data-auto-recognition=\"true\">https:\/\/interpunct.es<\/a>\u00a0(d'ara en avant, \u201cla Web\u201d) titularitat de Nuria Sanmart\u00edn Ricart, amb n\u00famero d'identificaci\u00f3 52685327D i domicili en C\/ Pare Jes\u00fas Fern\u00e1ndez, 16, 16, 46930 Quart de Poblet, Val\u00e8ncia, i per a demostrar-li el nostre comprom\u00eds constant amb la protecci\u00f3 de la seua privacitat.<\/span><\/p><p class=\"font_8 wixui-rich-text__text\"><span class=\"wixui-rich-text__text\">Mitjan\u00e7ant l'\u00fas de la nostra Web accepta l'emmagatzematge de cookies en el seu dispositiu, i, per tant, accepta la present Pol\u00edtica de cookies.<\/span><\/p><p class=\"font_8 wixui-rich-text__text\"><span class=\"wixui-rich-text__text\">Per a qualsevol dubte o consulta respecte a la nostra Pol\u00edtica de cookies, envie'ns un correu a interpunct@ interpunct.es.<\/span><\/p><p class=\"font_8 wixui-rich-text__text\"><span class=\"wixui-rich-text__text\">\u00a0<\/span><\/p><p class=\"font_8 wixui-rich-text__text\"><span class=\"wixui-rich-text__text\">2. DEFINICI\u00d3 DE LES COOKIES<\/span><\/p><p class=\"font_8 wixui-rich-text__text\"><span class=\"wixui-rich-text__text\">Una cookie \u00e9s un xicotet fitxer de text que s'emmagatzema durant un determinat per\u00edode de temps en el disc dur del seu dispositiu en el moment en qu\u00e8 accedix a determinades webs (d'ara en avant, les \u201cCookies\u201d). Les Cookies permeten que una web emmagatzeme i recupere informaci\u00f3 sobre h\u00e0bits de navegaci\u00f3 i comportament de l'Usuari o de l'equip des del qual es connecta, amb la finalitat de prestar serveis de navegaci\u00f3 personalitzats, i d'esta manera millorar l'experi\u00e8ncia de l'Usuari en navegar per la web.<\/span><\/p><p class=\"font_8 wixui-rich-text__text\"><span class=\"wixui-rich-text__text\">\u00a0<\/span><\/p><p class=\"font_8 wixui-rich-text__text\"><span class=\"wixui-rich-text__text\">3. TIPUS DE COOKIES UTILITZADES<\/span><\/p><p class=\"font_8 wixui-rich-text__text\"><span class=\"wixui-rich-text__text\">En la nostra Web utilitzem cookies de sessi\u00f3 i persistents gestionades per tercers:<\/span><\/p><ul class=\"font_8 wixui-rich-text__text\"><li class=\"wixui-rich-text__text\"><p class=\"font_8 wixui-rich-text__text\"><span class=\"wixui-rich-text__text\">Les cookies de sessi\u00f3 s\u00f3n cookies que s'eliminen autom\u00e0ticament quan es tanca el navegador.<\/span><\/p><\/li><li class=\"wixui-rich-text__text\"><p class=\"font_8 wixui-rich-text__text\"><span class=\"wixui-rich-text__text\">Les cookies persistents s\u00f3n cookies que romanen emmagatzemades en el dispositiu de l'usuari fins i tot despr\u00e9s que s'haja tancat el navegador.<\/span><\/p><\/li><li class=\"wixui-rich-text__text\"><p class=\"font_8 wixui-rich-text__text\"><span class=\"wixui-rich-text__text\">Les cookies de tercers s\u00f3n aquelles que s'envien al dispositiu de l'usuari mitjan\u00e7ant una web que no \u00e9s gestionada per la Web principal, sin\u00f3 per part d'una altra entitat.<\/span><\/p><\/li><\/ul><p class=\"font_8 wixui-rich-text__text\"><span class=\"wixui-rich-text__text\">Utilitzem els seg\u00fcents tipus de cookies:<\/span><\/p><ul class=\"font_8 wixui-rich-text__text\"><li class=\"wixui-rich-text__text\"><p class=\"font_8 wixui-rich-text__text\"><span class=\"wixui-rich-text__text\">Cookies d'an\u00e0lisis: S\u00f3n aquelles que ens permeten avaluar el comportament dels usuaris de la nostra Web, i d'esta manera ens ajuden a millorar el nostre servei, funcionament i l'experi\u00e8ncia de l'Usuari.<\/span><\/p><\/li><li class=\"wixui-rich-text__text\"><p class=\"font_8 wixui-rich-text__text\"><span class=\"wixui-rich-text__text\">Cookies de personalitzaci\u00f3: S\u00f3n aquelles que permeten a l'Usuari accedir al servei amb algunes caracter\u00edstiques de car\u00e0cter general, com l'idioma, el tipus de navegador, el disseny de continguts, la geolocalitzaci\u00f3 del terminal o la configuraci\u00f3 regional des d'on s'accedix al servei, entre altres.<\/span><\/p><\/li><li class=\"wixui-rich-text__text\"><p class=\"font_8 wixui-rich-text__text\"><span class=\"wixui-rich-text__text\">Cookies de publicitat comportamental: S\u00f3n un tipus de cookies publicit\u00e0ries que s'usen per a emmagatzemar i recuperar informaci\u00f3 sobre el comportament dels usuaris obtinguda a trav\u00e9s de l'observaci\u00f3 continuada dels seus h\u00e0bits de navegaci\u00f3, la qual cosa permet desenrotllar un perfil espec\u00edfic per a mostrar-li publicitat en funci\u00f3 d'este.<\/span><\/p><\/li><li class=\"wixui-rich-text__text\"><p class=\"font_8 wixui-rich-text__text\"><span class=\"wixui-rich-text__text\">Cookies publicit\u00e0ries: S\u00f3n aquelles que permeten gestionar de manera efica\u00e7 l'oferta dels espais publicitaris que hi ha en la web, adequant el contingut de l'anunci al contingut del servei sol\u00b7licitat.<\/span><\/p><\/li><li class=\"wixui-rich-text__text\"><p class=\"font_8 wixui-rich-text__text\"><span class=\"wixui-rich-text__text\">Cookies t\u00e8cniques: S\u00f3n aquelles que permeten a l'usuari la navegaci\u00f3 a trav\u00e9s de la p\u00e0gina Web o aplicaci\u00f3 i la utilitzaci\u00f3 de les diferents opcions o serveis que existixen. Per exemple, realitzar la sol\u00b7licitud d'inscripci\u00f3 o participaci\u00f3 en un esdeveniment, utilitzar elements de seguretat durant la navegaci\u00f3, i emmagatzemar continguts per a la difusi\u00f3 de v\u00eddeos o so.<\/span><\/p><\/li><\/ul><p class=\"font_8 wixui-rich-text__text\"><span class=\"wixui-rich-text__text\">Les cookies s'utilitzaran exclusivament per als fins indicats en la present Pol\u00edtica de cookies.<\/span><\/p><p class=\"font_8 wixui-rich-text__text\"><span class=\"wixui-rich-text__text\">\u00a0<\/span><\/p><p class=\"font_8 wixui-rich-text__text\"><span class=\"wixui-rich-text__text\">4. COM INHABILITAR LES COOKIES<\/span><\/p><p class=\"font_8 wixui-rich-text__text\"><span class=\"wixui-rich-text__text\">Encara que les cookies no s\u00f3n imprescindibles per a navegar per la Web, si les habilita gaudir\u00e0 d'una millor experi\u00e8ncia d'usuari. Pot modificar les opcions de configuraci\u00f3 del seu navegador per a esborrar-les o bloquejar-les, per\u00f2 si ho fa \u00e9s possible que alguns serveis no funcionen adequadament.<\/span><\/p><p class=\"font_8 wixui-rich-text__text\"><span class=\"wixui-rich-text__text\">Seleccione el navegador en el qual vol obtindre m\u00e9s informaci\u00f3 sobre com deshabilitar les cookies:<\/span><\/p><ul class=\"font_8 wixui-rich-text__text\"><li class=\"wixui-rich-text__text\"><p class=\"font_8 wixui-rich-text__text\"><span class=\"wixui-rich-text__text\">Chrome:\u00a0<a class=\"wixui-rich-text__text\" href=\"https:\/\/support.google.com\/chrome\/answer\/95647?hl=es\" target=\"_blank\" rel=\"noopener\" data-auto-recognition=\"true\">https:\/\/support.google.com\/chrome\/answer\/95647?hl=es<\/a><\/span><\/p><\/li><li class=\"wixui-rich-text__text\"><p class=\"font_8 wixui-rich-text__text\"><span class=\"wixui-rich-text__text\">Explorer:\u00a0<a class=\"wixui-rich-text__text\" href=\"http:\/\/windows.microsoft.com\/es-es\/windows7\/how-to-manage-cookies-in-internet-explorer-9\" target=\"_blank\" rel=\"noopener\" data-auto-recognition=\"true\">http:\/\/windows.microsoft.com\/es-es\/windows7\/how-to-manage-cookies-in-internet-explorer-9<\/a><\/span><\/p><\/li><li class=\"wixui-rich-text__text\"><p class=\"font_8 wixui-rich-text__text\"><span class=\"wixui-rich-text__text\">Firefox:\u00a0<a class=\"wixui-rich-text__text\" href=\"https:\/\/support.mozilla.org\/es\/kb\/habilitar-y-deshabilitar-cookies-sitios-web-rastrear-preferencias\" target=\"_blank\" rel=\"noopener\" data-auto-recognition=\"true\">https:\/\/support.mozilla.org\/es\/kb\/habilitar-y-deshabilitar-cookies-sitios-web-rastrear-preferencias<\/a><\/span><\/p><\/li><li class=\"wixui-rich-text__text\"><p class=\"font_8 wixui-rich-text__text\"><span class=\"wixui-rich-text__text\">Opera:\u00a0<a class=\"wixui-rich-text__text\" href=\"https:\/\/help.opera.com\/en\/latest\/web-preferences\/\" target=\"_blank\" rel=\"noopener\">https:\/\/help.opera.com\/en\/latest\/web-preferences\/<\/a><\/span><\/p><\/li><li class=\"wixui-rich-text__text\"><p class=\"font_8 wixui-rich-text__text\"><span class=\"wixui-rich-text__text\"><a class=\"wixui-rich-text__text\" href=\"https:\/\/support.apple.com\/kb\/PH17191?locale=es_ES\" target=\"_blank\" rel=\"noopener\">Safari: https:\/\/support.apple.com\/kb\/PH17191?locale=es_ES<\/a><\/span><\/p><\/li><\/ul>\t\t\t\t\t\t\t\t<\/div>\n\t\t\t\t\t<\/div>\n\t\t\t\t<\/div>\n\t\t\t\t<\/div>","protected":false},"excerpt":{"rendered":"<p>\u00a01.\u00a0 INTRODUCCI\u00d3N La presente Pol\u00edtica de cookies tiene como finalidad informarle de qu\u00e9 son y por qu\u00e9 utilizamos cookies en nuestra web\u00a0https:\/\/interpunct.es\u00a0(en adelante, \u201cla Web\u201d) titularidad de Nuria Sanmart\u00edn Ricart, con n\u00famero de identificaci\u00f3n 52685327D y domicilio en C\/ Padre Jes\u00fas Fern\u00e1ndez, 16, 16, 46930 Quart de Poblet, Valencia, y para demostrarle nuestro compromiso constante [&hellip;]<\/p>\n","protected":false},"author":1,"featured_media":0,"parent":0,"menu_order":0,"comment_status":"closed","ping_status":"closed","template":"","meta":{"footnotes":""},"class_list":["post-62","page","type-page","status-publish","hentry"],"_links":{"self":[{"href":"https:\/\/interpunct.es\/ca\/wp-json\/wp\/v2\/pages\/62","targetHints":{"allow":["GET"]}}],"collection":[{"href":"https:\/\/interpunct.es\/ca\/wp-json\/wp\/v2\/pages"}],"about":[{"href":"https:\/\/interpunct.es\/ca\/wp-json\/wp\/v2\/types\/page"}],"author":[{"embeddable":true,"href":"https:\/\/interpunct.es\/ca\/wp-json\/wp\/v2\/users\/1"}],"replies":[{"embeddable":true,"href":"https:\/\/interpunct.es\/ca\/wp-json\/wp\/v2\/comments?post=62"}],"version-history":[{"count":7,"href":"https:\/\/interpunct.es\/ca\/wp-json\/wp\/v2\/pages\/62\/revisions"}],"predecessor-version":[{"id":460,"href":"https:\/\/interpunct.es\/ca\/wp-json\/wp\/v2\/pages\/62\/revisions\/460"}],"wp:attachment":[{"href":"https:\/\/interpunct.es\/ca\/wp-json\/wp\/v2\/media?parent=62"}],"curies":[{"name":"wp","href":"https:\/\/api.w.org\/{rel}","templated":true}]}}