{"id":57,"date":"2025-11-11T14:15:15","date_gmt":"2025-11-11T14:15:15","guid":{"rendered":"http:\/\/interpunct.es\/?page_id=57"},"modified":"2026-01-30T20:14:44","modified_gmt":"2026-01-30T20:14:44","slug":"copia-de-aviso-legal","status":"publish","type":"page","link":"https:\/\/interpunct.es\/ca\/copia-de-aviso-legal\/","title":{"rendered":"Termes i condicions"},"content":{"rendered":"<div data-elementor-type=\"wp-page\" data-elementor-id=\"57\" class=\"elementor elementor-57\" data-elementor-post-type=\"page\">\n\t\t\t\t<div class=\"elementor-element elementor-element-c08a265 e-flex e-con-boxed e-con e-parent\" data-id=\"c08a265\" data-element_type=\"container\" data-e-type=\"container\">\n\t\t\t\t\t<div class=\"e-con-inner\">\n\t\t\t\t<div class=\"elementor-element elementor-element-202397a elementor-widget elementor-widget-text-editor\" data-id=\"202397a\" data-element_type=\"widget\" data-e-type=\"widget\" data-widget_type=\"text-editor.default\">\n\t\t\t\t\t\t\t\t\t<h5 class=\"font_5 wixui-rich-text__text\"><span class=\"wixui-rich-text__text\">1. INFORMACI\u00d3 GENERAL<\/span><\/h5><p class=\"font_8 wixui-rich-text__text\"><span class=\"wixui-rich-text__text\">En el present apartat es descriu la pol\u00edtica de privacitat (d'ara en avant denominada \u201cPol\u00edtica de privacitat\u201d) aplicada a les seues dades personals en el lloc web\u00a0<a class=\"wixui-rich-text__text\" href=\"https:\/\/interpunct.es\/ca\/\" target=\"_blank\" rel=\"noopener\" data-auto-recognition=\"true\">https:\/\/interpunct.es<\/a>\u00a0(d'ara en avant, la \u201cWeb\u201d), en compliment de la normativa sobre protecci\u00f3 de la privacitat, i en concret, de conformitat amb la Llei org\u00e0nica 15\/1999, del 13 de desembre, de Protecci\u00f3 de Dades de Car\u00e0cter Personal i el Reial decret 1720\/2007 del 21 de desembre que la desenrotlla, aix\u00ed com altres normes complement\u00e0ries.<\/span><\/p><p class=\"font_8 wixui-rich-text__text\"><span class=\"wixui-rich-text__text\">\u00a0<\/span><\/p><h5 class=\"font_5 wixui-rich-text__text\"><span class=\"wixui-rich-text__text\">2. DADES IDENTIFICATIVES<\/span><\/h5><p class=\"font_8 wixui-rich-text__text\"><span class=\"wixui-rich-text__text\">A continuaci\u00f3, els facilitem les dades de la persona titular i responsable de la Web amb car\u00e0cter general:<\/span><\/p><p class=\"font_8 wixui-rich-text__text\"><span class=\"wixui-rich-text__text\">INTERPUNCT TRANSLATIONS S.L. (d'ara en avant, \u201cel titular de la web\u201d)<\/span><\/p><p class=\"font_8 wixui-rich-text__text\"><span class=\"wixui-rich-text__text\">N\u00famero d'identificaci\u00f3: B 98150006<\/span><\/p><p class=\"font_8 wixui-rich-text__text\"><span class=\"wixui-rich-text__text\">Domicili: <\/span>C\/ Jordi de Sant Jordi 9 \u2013 46930 Quart de Poblet \u2013 Val\u00e8ncia<br \/><br \/><span class=\"wixui-rich-text__text\">Email:\u00a0<a class=\"wixui-rich-text__text\" href=\"mailto:nuria@interpunct.es\" data-auto-recognition=\"true\">nuria@interpunct.es<\/a><br \/><br \/><\/span><\/p><div class=\"elementor-element elementor-element-c18e892 e-con-full e-flex e-con e-child\" data-id=\"c18e892\" data-element_type=\"container\"><div class=\"elementor-element elementor-element-4695762 elementor-nav-menu--dropdown-none elementor-widget elementor-widget-nav-menu\" data-id=\"4695762\" data-element_type=\"widget\" data-settings=\"{&quot;layout&quot;:&quot;vertical&quot;,&quot;submenu_icon&quot;:{&quot;value&quot;:&quot;&lt;svg aria-hidden=\\&quot;true\\&quot; class=\\&quot;e-font-icon-svg e-fas-caret-down\\&quot; viewBox=\\&quot;0 0 320 512\\&quot; xmlns=\\&quot;http:\\\/\\\/www.w3.org\\\/2000\\\/svg\\&quot;&gt;&lt;path d=\\&quot;M31.3 192h257.3c17.8 0 26.7 21.5 14.1 34.1L174.1 354.8c-7.8 7.8-20.5 7.8-28.3 0L17.2 226.1C4.6 213.5 13.5 192 31.3 192z\\&quot;&gt;&lt;\\\/path&gt;&lt;\\\/svg&gt;&quot;,&quot;library&quot;:&quot;fa-solid&quot;}}\" data-widget_type=\"nav-menu.default\">\u00a0<\/div><\/div><h5 class=\"font_5 wixui-rich-text__text\"><span class=\"wixui-rich-text__text\">3. FINALITAT DEL TRACTAMENT DE LES DADES<\/span><\/h5><p class=\"font_8 wixui-rich-text__text\"><span class=\"wixui-rich-text__text\">La present Web recopila les dades personals de l'usuari, b\u00e9 de manera autom\u00e0tica durant l'\u00fas de la Web o b\u00e9 a trav\u00e9s de l'Usuari en els apartats informats de la Web. Totes les dades personals s'incorporen a fitxers responsabilitat del Titular de la Web. Estes dades seran tractades amb la seg\u00fcent finalitat:<\/span><\/p><p class=\"font_8 wixui-rich-text__text\"><span class=\"wixui-rich-text__text\">\u00a0<\/span><\/p><ul class=\"font_8 wixui-rich-text__text\"><li class=\"wixui-rich-text__text\"><p class=\"font_8 wixui-rich-text__text\"><span class=\"wixui-rich-text__text\">Tindre en compte el seu curriculum vitae en els processos de selecci\u00f3 de personal.<\/span><\/p><\/li><li class=\"wixui-rich-text__text\"><p class=\"font_8 wixui-rich-text__text\"><span class=\"wixui-rich-text__text\">Efectuar l'enviament de comunicacions publicit\u00e0ries (en el cas que l'autoritze expressament en el moment oport\u00fa) relacionades amb els productes i serveis oferits en la Web.<\/span><\/p><\/li><li class=\"wixui-rich-text__text\"><p class=\"font_8 wixui-rich-text__text\"><span class=\"wixui-rich-text__text\">Gestionar els serveis i productes contractats a trav\u00e9s de la Web.<\/span><\/p><\/li><li class=\"wixui-rich-text__text\"><p class=\"font_8 wixui-rich-text__text\"><span class=\"wixui-rich-text__text\">Mostrar la informaci\u00f3 de l'usuari en el perfil del seu compte de la Web.<\/span><\/p><\/li><li class=\"wixui-rich-text__text\"><p class=\"font_8 wixui-rich-text__text\"><span class=\"wixui-rich-text__text\">Poder contactar amb l'usuari.<\/span><\/p><\/li><li class=\"wixui-rich-text__text\"><p class=\"font_8 wixui-rich-text__text\"><span class=\"wixui-rich-text__text\">Efectuar el registre com a usuari en la Web.<\/span><\/p><\/li><\/ul><p class=\"font_8 wixui-rich-text__text\"><span class=\"wixui-rich-text__text\">\u00a0<\/span><\/p><p class=\"font_8 wixui-rich-text__text\"><span class=\"wixui-rich-text__text\">Abans que ens facilite dades personals de tercers, ha d'haver obtingut pr\u00e8viament el seu consentiment en relaci\u00f3 amb el contingut de la present Pol\u00edtica de privacitat.<\/span><\/p><p class=\"font_8 wixui-rich-text__text\"><span class=\"wixui-rich-text__text\">La cessi\u00f3 volunt\u00e0ria de les dades de car\u00e0cter personal per part de l'Usuari implica la seua autoritzaci\u00f3 expressa perqu\u00e8 el Titular de la Web processe les seues dades com ac\u00ed es detalla. En cas que les dades personals facilitades per l'Usuari s'utilitzen amb finalitats diferents de les indicades, se sol\u00b7licitar\u00e0 el consentiment expr\u00e9s de l'Usuari.<\/span><\/p><p class=\"font_8 wixui-rich-text__text\"><span class=\"wixui-rich-text__text\">Per a rebre m\u00e9s informaci\u00f3 sobre les seues dades personals i la finalitat del seu tractament, contacte amb el Titular de la Web.<\/span><\/p><p class=\"font_8 wixui-rich-text__text\"><span class=\"wixui-rich-text__text\">\u00a0<\/span><\/p><h5 class=\"font_5 wixui-rich-text__text\"><span class=\"wixui-rich-text__text\">4. SEGURETAT I COMPLIMENT<\/span><\/h5><p class=\"font_8 wixui-rich-text__text\"><span class=\"wixui-rich-text__text\">El Titular de la Web es compromet a tractar les dades dels usuaris de manera adequada i responsable, i prendre totes les mesures d'\u00edndole t\u00e8cnica i organitzativa que exigix la legislaci\u00f3 vigent en mat\u00e8ria de protecci\u00f3 de dades, amb la finalitat d'evitar la p\u00e8rdua, tractament o acc\u00e9s no autoritzat a les dades.<\/span><\/p><p class=\"font_8 wixui-rich-text__text\"><span class=\"wixui-rich-text__text\">\u00a0<\/span><\/p><h5 class=\"font_5 wixui-rich-text__text\"><span class=\"wixui-rich-text__text\">5. SERVEIS DE TERCERS<\/span><\/h5><p class=\"font_8 wixui-rich-text__text\"><span class=\"wixui-rich-text__text\">A m\u00e9s del Titular de la Web, en determinades circumst\u00e0ncies altres persones, b\u00e9 siga de la mateixa organitzaci\u00f3 de l'empresa o subcontractistes externs (advocats, ag\u00e8ncies de m\u00e0rqueting, inform\u00e0tics, auditors, ag\u00e8ncies de comunicaci\u00f3\u2026), podran accedir a les dades per a complir amb una adequada prestaci\u00f3 dels serveis a l'Usuari.<\/span><\/p><p class=\"font_8 wixui-rich-text__text\"><span class=\"wixui-rich-text__text\">\u00a0<\/span><\/p><h5 class=\"font_5 wixui-rich-text__text\"><span class=\"wixui-rich-text__text\">6. DRETS<\/span><\/h5><p class=\"font_8 wixui-rich-text__text\"><span class=\"wixui-rich-text__text\">Pot exercir els seus drets d'acc\u00e9s, rectificaci\u00f3, cancel\u00b7laci\u00f3 i oposici\u00f3, enviant una comunicaci\u00f3 escrita, acompanyada d'una c\u00f2pia del seu document nacional d'identitat, passaport o un altre document v\u00e0lid que l'identifique, indicant la seua sol\u00b7licitud, la seua adre\u00e7a a l'efecte de notificacions, la data i la seua firma, juntament amb els documents que acrediten la sol\u00b7licitud, si \u00e9s el cas, a l'adre\u00e7a C\/ Concordia, 1, local 3, 46930 Quart de Poblet, Val\u00e8ncia, o enviant un correu electr\u00f2nic a\u00a0<a class=\"wixui-rich-text__text\" href=\"mailto:interpunct@interpunct.es\" data-auto-recognition=\"true\">interpunct@interpunct.es<\/a><\/span><\/p><p class=\"font_8 wixui-rich-text__text\">\u00a0<\/p>\t\t\t\t\t\t\t\t<\/div>\n\t\t\t\t\t<\/div>\n\t\t\t\t<\/div>\n\t\t\t\t<\/div>","protected":false},"excerpt":{"rendered":"<p>1. INFORMACI\u00d3N GENERAL En el presente apartado se describe la pol\u00edtica de privacidad (en adelante denominada \u201cPol\u00edtica de privacidad\u201d) aplicada a sus datos personales en el sitio web\u00a0https:\/\/interpunct.es\u00a0(en adelante, la \u201cWeb\u201d), en cumplimiento de la normativa sobre protecci\u00f3n de la privacidad, y en concreto, de conformidad con la Ley Org\u00e1nica 15\/1999, del 13 de diciembre, [&hellip;]<\/p>\n","protected":false},"author":1,"featured_media":0,"parent":0,"menu_order":0,"comment_status":"closed","ping_status":"closed","template":"","meta":{"footnotes":""},"class_list":["post-57","page","type-page","status-publish","hentry"],"_links":{"self":[{"href":"https:\/\/interpunct.es\/ca\/wp-json\/wp\/v2\/pages\/57","targetHints":{"allow":["GET"]}}],"collection":[{"href":"https:\/\/interpunct.es\/ca\/wp-json\/wp\/v2\/pages"}],"about":[{"href":"https:\/\/interpunct.es\/ca\/wp-json\/wp\/v2\/types\/page"}],"author":[{"embeddable":true,"href":"https:\/\/interpunct.es\/ca\/wp-json\/wp\/v2\/users\/1"}],"replies":[{"embeddable":true,"href":"https:\/\/interpunct.es\/ca\/wp-json\/wp\/v2\/comments?post=57"}],"version-history":[{"count":10,"href":"https:\/\/interpunct.es\/ca\/wp-json\/wp\/v2\/pages\/57\/revisions"}],"predecessor-version":[{"id":660,"href":"https:\/\/interpunct.es\/ca\/wp-json\/wp\/v2\/pages\/57\/revisions\/660"}],"wp:attachment":[{"href":"https:\/\/interpunct.es\/ca\/wp-json\/wp\/v2\/media?parent=57"}],"curies":[{"name":"wp","href":"https:\/\/api.w.org\/{rel}","templated":true}]}}